{"id":1577,"date":"2018-03-21T14:22:50","date_gmt":"2018-03-21T17:22:50","guid":{"rendered":"https:\/\/fatuscorretora.com.br\/site\/?page_id=1577"},"modified":"2018-09-21T16:24:51","modified_gmt":"2018-09-21T19:24:51","slug":"seguro-saude","status":"publish","type":"page","link":"https:\/\/fatuscorretora.com.br\/site\/produtos\/pra-empresa\/seguro-saude\/","title":{"rendered":"Seguro Sa\u00fade"},"content":{"rendered":"<div class=\"wpb-content-wrapper\"><p>[vc_row full_width=&#8221;stretch_row_content_no_spaces&#8221;][vc_column css=&#8221;.vc_custom_1515939329701{padding-bottom: -70px !important;}&#8221;][vc_single_image image=&#8221;1604&#8243; img_size=&#8221;full&#8221;][\/vc_column][\/vc_row][vc_row css=&#8221;.vc_custom_1515939260233{margin-bottom: 70px !important;}&#8221;][vc_column][insuranced_title title=&#8221;Seguro Sa\u00fade&#8221;][vc_row_inner css=&#8221;.vc_custom_1515979884570{margin-top: 30px !important;padding-right: 100px !important;padding-left: 100px !important;}&#8221;][vc_column_inner width=&#8221;1\/2&#8243; offset=&#8221;vc_hidden-xs&#8221;][insuranced_text_block]<\/p>\n<p style=\"color: #6d96c2;\"><strong>O QUE \u00c9 O SEGURO SA\u00daDE &#8211; PME?<\/strong><\/p>\n<p>O seguro de sa\u00fade ou plano de sa\u00fade tem por objetivo oferecer assist\u00eancia m\u00e9dica que atenda \u00e0s necessidades espec\u00edficas dos segurados. Abrange coberturas diferenciadas e custo inferior aos valores praticados por particulares e garante a prote\u00e7\u00e3o das pessoas contra o risco de incorrerem em despesas m\u00e9dicas. Temos v\u00e1rios tipos de planos para atender voc\u00ea e sua equipe com a qualidade que voc\u00eas merecem. Por isso, fa\u00e7a um seguro sa\u00fade para sua empresa tamb\u00e9m.[\/insuranced_text_block][vc_empty_space][insuranced_text_block]<\/p>\n<p style=\"color: #6d96c2;\"><strong>Bradesco Sa\u00fade<\/strong><\/p>\n<p>A Bradesco Sa\u00fade traz para sua empresa solu\u00e7\u00f5es especiais e adequadas para seu neg\u00f3cio. \u00c9 uma \u00f3tima \u00f3tima escolha para quem vai adquirir um plano de sa\u00fade e\u00a0est\u00e1 dispon\u00edvel para grupos a partir de 03 vidas.<br \/>\nDiferenciais e benef\u00edcios:<\/p>\n<p>Reembolso;<br \/>\nAmpla Rede Referenciada;<br \/>\nMeu Doutor Bradesco Sa\u00fade;<br \/>\nReemiss\u00e3o;<br \/>\nAssist\u00eancia pessoal 24 horas.[\/insuranced_text_block][\/vc_column_inner][vc_column_inner width=&#8221;1\/2&#8243; offset=&#8221;vc_hidden-xs&#8221;][insuranced_text_block]<\/p>\n<p style=\"color: #6d96c2;\"><strong>Sulam\u00e9rica Sa\u00fade<\/strong><\/p>\n<p>A Sulam\u00e9rica Sa\u00fade \u00e9 a solu\u00e7\u00e3o sob medida para empresas a partir de 03 vidas \u2013 PME, PME Mais e Empresarial.\u00a0S\u00e3o diversos planos para sua escolha, os quais se diferenciam por rede e valores de reembolso.<\/p>\n<p>Ampla Rede Referenciada;<br \/>\nReembolso no Brasil e exterior;<br \/>\nSem Coparticipa\u00e7\u00e3o;<br \/>\nRedu\u00e7\u00e3o de Car\u00eancia de 03 \u00e0 09 vidas;<br \/>\nSem Car\u00eancia \u00e0 partir de 10 vidas;<br \/>\nAssist\u00eancia viagem Nacional e Internacional;<br \/>\nBenef\u00edcios e coberturas diferenciais;<br \/>\nDescontos de at\u00e9 65% em medicamentos e dermocosm\u00e9ticos e at\u00e9 20% em vacinas.[\/insuranced_text_block][vc_empty_space][insuranced_text_block]<\/p>\n<p style=\"color: #6d96c2;\"><strong>Porto Seguros Sa\u00fade<\/strong><\/p>\n<p>A partir de 05 vidas, voc\u00ea pode aderir ao Porto Seguro Sa\u00fade empresarial para voc\u00ea e seus funcion\u00e1rios.<\/p>\n<p>Diferenciais e benef\u00edcios:<\/p>\n<p>Seguro Viagem;<br \/>\nReembolso;<br \/>\nAmpla Rede Referenciada;<br \/>\nReemiss\u00e3o;<br \/>\nAssist\u00eancia pessoal 24 horas.[\/insuranced_text_block][\/vc_column_inner][\/vc_row_inner][vc_row_inner css=&#8221;.vc_custom_1515979884570{margin-top: 30px !important;padding-right: 100px !important;padding-left: 100px !important;}&#8221;][vc_column_inner width=&#8221;1\/2&#8243; offset=&#8221;vc_hidden-xs&#8221;][insuranced_button align=&#8221;left&#8221; button=&#8221;url:http%3A%2F%2Ffatuscorretora.com.br%2Fsite%2Fcotacao-com-o-corretor-saude%2F|title:Cota%C3%A7%C3%A3o%20com%20a%20Fatus||&#8221; color=&#8221;#ffffff&#8221; bgcolor=&#8221;#4486bf&#8221;][\/vc_column_inner][vc_column_inner width=&#8221;1\/2&#8243; offset=&#8221;vc_hidden-xs&#8221;][\/vc_column_inner][\/vc_row_inner][vc_row_inner css=&#8221;.vc_custom_1522017843061{margin-top: 30px !important;padding-right: 10px !important;padding-left: 10px !important;}&#8221;][vc_column_inner width=&#8221;1\/2&#8243; offset=&#8221;vc_hidden-lg vc_hidden-md vc_hidden-sm&#8221;][insuranced_text_block]<\/p>\n<p style=\"color: #6d96c2;\"><strong>O QUE \u00c9 O SEGURO SA\u00daDE &#8211; PME?<\/strong><\/p>\n<p>O seguro de sa\u00fade ou plano de sa\u00fade tem por objetivo oferecer assist\u00eancia m\u00e9dica que atenda \u00e0s necessidades espec\u00edficas dos segurados. Abrange coberturas diferenciadas e custo inferior aos valores praticados por particulares e garante a prote\u00e7\u00e3o das pessoas contra o risco de incorrerem em despesas m\u00e9dicas. Temos v\u00e1rios tipos de planos para atender voc\u00ea e sua equipe com a qualidade que voc\u00eas merecem. Por isso, fa\u00e7a um seguro sa\u00fade para sua empresa tamb\u00e9m.[\/insuranced_text_block][vc_empty_space][insuranced_text_block]<\/p>\n<p style=\"color: #6d96c2;\"><strong>Bradesco Sa\u00fade<\/strong><\/p>\n<p>A Bradesco Sa\u00fade traz para sua empresa solu\u00e7\u00f5es especiais e adequadas para seu neg\u00f3cio. \u00c9 uma \u00f3tima \u00f3tima escolha para quem vai adquirir um plano de sa\u00fade e\u00a0est\u00e1 dispon\u00edvel para grupos a partir de 03 vidas.<br \/>\nDiferenciais e benef\u00edcios:<\/p>\n<p>Reembolso;<br \/>\nAmpla Rede Referenciada;<br \/>\nMeu Doutor Bradesco Sa\u00fade;<br \/>\nReemiss\u00e3o;<br \/>\nAssist\u00eancia pessoal 24 horas.[\/insuranced_text_block][vc_empty_space][insuranced_button align=&#8221;left&#8221; button=&#8221;url:http%3A%2F%2Ffatuscorretora.com.br%2Fsite%2Fcotacao-com-o-corretor-saude%2F|title:Cota%C3%A7%C3%A3o%20com%20a%20Fatus||&#8221; color=&#8221;#ffffff&#8221; bgcolor=&#8221;#4486bf&#8221;][\/vc_column_inner][vc_column_inner width=&#8221;1\/2&#8243; offset=&#8221;vc_hidden-lg vc_hidden-md vc_hidden-sm&#8221;][insuranced_text_block]<\/p>\n<p style=\"color: #6d96c2;\"><strong>Sulam\u00e9rica Sa\u00fade<\/strong><\/p>\n<p>A Sulam\u00e9rica Sa\u00fade \u00e9 a solu\u00e7\u00e3o sob medida para empresas a partir de 03 vidas \u2013 PME, PME Mais e Empresarial.\u00a0S\u00e3o diversos planos para sua escolha, os quais se diferenciam por rede e valores de reembolso.<\/p>\n<p>Ampla Rede Referenciada;<br \/>\nReembolso no Brasil e exterior;<br \/>\nSem Coparticipa\u00e7\u00e3o;<br \/>\nRedu\u00e7\u00e3o de Car\u00eancia de 03 \u00e0 09 vidas;<br \/>\nSem Car\u00eancia \u00e0 partir de 10 vidas;<br \/>\nAssist\u00eancia viagem Nacional e Internacional;<br \/>\nBenef\u00edcios e coberturas diferenciais;<br \/>\nDescontos de at\u00e9 65% em medicamentos e dermocosm\u00e9ticos e at\u00e9 20% em vacinas.[\/insuranced_text_block][vc_empty_space][insuranced_text_block]<\/p>\n<p style=\"color: #6d96c2;\"><strong>Porto Seguros Sa\u00fade<\/strong><\/p>\n<p>A partir de 05 vidas, voc\u00ea pode aderir ao Porto Seguro Sa\u00fade empresarial para voc\u00ea e seus funcion\u00e1rios.<\/p>\n<p>Diferenciais e benef\u00edcios:<\/p>\n<p>Seguro Viagem;<br \/>\nReembolso;<br \/>\nAmpla Rede Referenciada;<br \/>\nReemiss\u00e3o;<br \/>\nAssist\u00eancia pessoal 24 horas.[\/insuranced_text_block][\/vc_column_inner][\/vc_row_inner][vc_row_inner][vc_column_inner][vc_empty_space][insuranced_text]<\/p>\n<p style=\"color: #6d96c2; text-align: center;\"><strong>CONSULTE-NOS PARA SABER MAIORES INFORMA\u00c7\u00d5ES SOBRE AS COBERTURAS DE CADA PRODUTO.<\/strong><\/p>\n<p>[\/insuranced_text][\/vc_column_inner][\/vc_row_inner][\/vc_column][\/vc_row]<\/p>\n<\/div>","protected":false},"excerpt":{"rendered":"<p>[vc_row full_width=&#8221;stretch_row_content_no_spaces&#8221;][vc_column css=&#8221;.vc_custom_1515939329701{padding-bottom: -70px !important;}&#8221;][vc_single_image image=&#8221;1604&#8243; img_size=&#8221;full&#8221;][\/vc_column][\/vc_row][vc_row css=&#8221;.vc_custom_1515939260233{margin-bottom: 70px !important;}&#8221;][vc_column][insuranced_title title=&#8221;Seguro Sa\u00fade&#8221;][vc_row_inner css=&#8221;.vc_custom_1515979884570{margin-top: 30px !important;padding-right: 100px !important;padding-left: 100px !important;}&#8221;][vc_column_inner width=&#8221;1\/2&#8243; offset=&#8221;vc_hidden-xs&#8221;][insuranced_text_block] O QUE \u00c9 O SEGURO SA\u00daDE &#8211; PME? O seguro de sa\u00fade ou plano de sa\u00fade tem por objetivo oferecer assist\u00eancia m\u00e9dica que atenda \u00e0s necessidades espec\u00edficas dos segurados. Abrange coberturas diferenciadas e custo [&hellip;]<\/p>\n","protected":false},"author":1,"featured_media":0,"parent":661,"menu_order":0,"comment_status":"closed","ping_status":"closed","template":"","meta":{"_exactmetrics_skip_tracking":false,"_exactmetrics_sitenote_active":false,"_exactmetrics_sitenote_note":"","_exactmetrics_sitenote_category":0,"footnotes":""},"class_list":["post-1577","page","type-page","status-publish","hentry"],"_links":{"self":[{"href":"https:\/\/fatuscorretora.com.br\/site\/wp-json\/wp\/v2\/pages\/1577","targetHints":{"allow":["GET"]}}],"collection":[{"href":"https:\/\/fatuscorretora.com.br\/site\/wp-json\/wp\/v2\/pages"}],"about":[{"href":"https:\/\/fatuscorretora.com.br\/site\/wp-json\/wp\/v2\/types\/page"}],"author":[{"embeddable":true,"href":"https:\/\/fatuscorretora.com.br\/site\/wp-json\/wp\/v2\/users\/1"}],"replies":[{"embeddable":true,"href":"https:\/\/fatuscorretora.com.br\/site\/wp-json\/wp\/v2\/comments?post=1577"}],"version-history":[{"count":16,"href":"https:\/\/fatuscorretora.com.br\/site\/wp-json\/wp\/v2\/pages\/1577\/revisions"}],"predecessor-version":[{"id":1924,"href":"https:\/\/fatuscorretora.com.br\/site\/wp-json\/wp\/v2\/pages\/1577\/revisions\/1924"}],"up":[{"embeddable":true,"href":"https:\/\/fatuscorretora.com.br\/site\/wp-json\/wp\/v2\/pages\/661"}],"wp:attachment":[{"href":"https:\/\/fatuscorretora.com.br\/site\/wp-json\/wp\/v2\/media?parent=1577"}],"curies":[{"name":"wp","href":"https:\/\/api.w.org\/{rel}","templated":true}]}}