{"id":1582,"date":"2018-03-21T15:05:41","date_gmt":"2018-03-21T18:05:41","guid":{"rendered":"https:\/\/fatuscorretora.com.br\/site\/?page_id=1582"},"modified":"2018-08-16T16:16:02","modified_gmt":"2018-08-16T19:16:02","slug":"seguro-de-equipamentos-portateis","status":"publish","type":"page","link":"https:\/\/fatuscorretora.com.br\/site\/produtos\/pra-voce\/seguro-de-equipamentos-portateis\/","title":{"rendered":"Seguro de Equipamentos Port\u00e1teis"},"content":{"rendered":"<div class=\"wpb-content-wrapper\"><p>[vc_row full_width=&#8221;stretch_row_content_no_spaces&#8221;][vc_column css=&#8221;.vc_custom_1515939329701{padding-bottom: -70px !important;}&#8221;][vc_single_image image=&#8221;1613&#8243; img_size=&#8221;full&#8221;][\/vc_column][\/vc_row][vc_row css=&#8221;.vc_custom_1515939260233{margin-bottom: 70px !important;}&#8221;][vc_column][insuranced_title title=&#8221;Seguro de Equipamentos Port\u00e1teis&#8221;][vc_row_inner css=&#8221;.vc_custom_1515979884570{margin-top: 30px !important;padding-right: 100px !important;padding-left: 100px !important;}&#8221;][vc_column_inner width=&#8221;1\/2&#8243; offset=&#8221;vc_hidden-xs&#8221;][insuranced_text_block]<\/p>\n<p style=\"color: #6d96c2;\"><strong>O QUE \u00c9 O SEGURO DE EQUIPAMENTOS PORT\u00c1TEIS?<\/strong><\/p>\n<p>Smartphones, tablets, notebooks, c\u00e2meras e filmadoras s\u00e3o equipamentos que fazem parte do nosso dia-a-dia, seja como ferramentas de trabalho, entretenimento ou para nos manter conectados aos amigos e aos neg\u00f3cios. Apesar de tantas fun\u00e7\u00f5es, os aparelhos port\u00e1teis continuam vulner\u00e1veis a riscos do cotidiano. Proteja seu equipamento port\u00e1til, fa\u00e7a hoje seu seguro.[\/insuranced_text_block][vc_empty_space][insuranced_text_block]<\/p>\n<p style=\"color: #6d96c2;\"><strong>Seguro para Tablet<\/strong><\/p>\n<p>O tablet \u00e9 um dos equipamentos mais completos da atualidade e caiu no gosto dos brasileiros. De acordo a IDC Brasil, \u00e9 esperado um crescimento cada vez mais significativo na venda deste tipo de aparelho no Pa\u00eds. A melhor forma para que voc\u00ea n\u00e3o fique sem seu tablet em caso de danos ou roubo \u00e9 contratando um seguro especializado.[\/insuranced_text_block][vc_empty_space][insuranced_text_block]<\/p>\n<p style=\"color: #6d96c2;\"><strong>Seguro para C\u00e2meras Fotogr\u00e1ficas<\/strong><\/p>\n<p>Seja para lazer ou para trabalho, um equipamento fotogr\u00e1fico de qualidade tem um custo elevado. Por isso, o cuidado com a c\u00e2mera e seus acess\u00f3rios \u00e9 essencial. Fa\u00e7a o seguro para que voc\u00ea n\u00e3o se preocupe em casos de dano ou roubo de sua aparelhagem.<\/p>\n<p>O seguro para c\u00e2mera fotogr\u00e1fica garante n\u00e3o s\u00f3 a reposi\u00e7\u00e3o do seu equipamento como tamb\u00e9m das lentes, trip\u00e9s, flashs e demais acess\u00f3rios. Para quem trabalha com fotografia, o seguro \u00e9 ainda mais indicado, pois os componentes, somados \u00e0 pr\u00f3pria c\u00e2mera, chegam a um alto valor, resultando em um grande preju\u00edzo em ocorr\u00eancias inesperadas.[\/insuranced_text_block][vc_empty_space][insuranced_button align=&#8221;left&#8221; button=&#8221;url:https%3A%2F%2Fwwws.portoseguro.com.br%2Fvendaonline%2Fequipamentosportateis%2Fhome.ns%3Fcod%3Ded7fd359b8864c00ba499d9a925e142f%26utm_source%3D23839J%26utm_medium%3DgeradorLinks%26utm_campaign%3DGeradordeLinks_EX67YJ%26utm_content%3DFATUS_CORRETORA|title:Fa%C3%A7a%20sua%20Cota%C3%A7%C3%A3o%20Online!|target:%20_blank|&#8221; bgcolor=&#8221;#4486bf&#8221; color=&#8221;#ffffff&#8221;][vc_empty_space][insuranced_button align=&#8221;left&#8221; button=&#8221;url:http%3A%2F%2Ffatuscorretora.com.br%2Fsite%2Fcotacao-com-corretor%2F|title:Cota%C3%A7%C3%A3o%20com%20Corretor||&#8221; bgcolor=&#8221;#4486bf&#8221; color=&#8221;#ffffff&#8221;][\/vc_column_inner][vc_column_inner width=&#8221;1\/2&#8243; offset=&#8221;vc_hidden-xs&#8221;][insuranced_text_block]<\/p>\n<p style=\"color: #6d96c2;\"><strong>Seguro para Smartphone<\/strong><\/p>\n<p>O Seguro para smartphone protege seu celular em todo o Pa\u00eds. Pode-se contratar o seguro de garantia internacional e deixar seu smartphone protegido at\u00e9 fora do Brasil.<\/p>\n<p><strong>Coberturas<\/strong><\/p>\n<p><strong>Danos f\u00edsicos ao aparelho:<\/strong> em caso de queda ou fortes impactos no aparelho;<\/p>\n<p><strong>Danos el\u00e9tricos:<\/strong> descargas el\u00e9tricas, oscila\u00e7\u00f5es de energia e curtos circuitos;<\/p>\n<p><strong>Cobertura contra roubo e furto:\u00a0<\/strong>No roubo h\u00e1 a subtra\u00e7\u00e3o do objeto mediante o uso de viol\u00eancia ou grave amea\u00e7a. No furto, o objeto \u00e9 apenas subtra\u00eddo, normalmente sem a v\u00edtima perceber. O seguro de celular abrange apenas o roubo e o \u201cfurto qualificado\u201d, j\u00e1 o\u00a0\u201cfurto simples\u201d\u00a0 n\u00e3o estar\u00e1 coberto pelo seguro.<\/p>\n<p><strong>Danos por \u00e1gua\/liquido:<\/strong> em caso de danos ocasionados por \u00e1gua ou qualquer subst\u00e2ncia l\u00edquida;<\/p>\n<p><strong>Garantia Internacional:<\/strong> ter\u00e1 extens\u00e3o das garantias contratadas para fora do Brasil.[\/insuranced_text_block][vc_empty_space][insuranced_text_block]<\/p>\n<p style=\"color: #6d96c2;\"><strong>Seguro para Notebook<\/strong><\/p>\n<p>Atualmente, os notebooks s\u00e3o muito \u00fateis para trabalho e lazer pessoal. Ficar sem pode ser bastante prejudicial no dia-a-dia. Para garantir a reposi\u00e7\u00e3o do aparelho em caso de danos e roubos, o investimento em um seguro de notebook \u00e9 uma excelente op\u00e7\u00e3o.[\/insuranced_text_block][vc_empty_space][insuranced_text_block]<\/p>\n<p style=\"color: #6d96c2;\"><strong>Seguro para Filmadora<\/strong><\/p>\n<p>Filmadoras s\u00e3o equipamentos que exigem um alto investimento. Para n\u00e3o perder o dinheiro gasto no aparelho em ocorr\u00eancias de dano ou roubo, a melhor op\u00e7\u00e3o \u00e9 fazer um seguro e garantir a reposi\u00e7\u00e3o da filmadora.<\/p>\n<p>No seguro para filmadora, al\u00e9m do pr\u00f3prio aparelho, h\u00e1 a op\u00e7\u00e3o de segurar os acess\u00f3rios utilizados junto ao equipamento, mesmo que adquiridos separadamente.[\/insuranced_text_block][\/vc_column_inner][\/vc_row_inner][vc_row_inner css=&#8221;.vc_custom_1522017924994{margin-top: 30px !important;padding-right: 10px !important;padding-left: 10px !important;}&#8221;][vc_column_inner width=&#8221;1\/2&#8243; offset=&#8221;vc_hidden-lg vc_hidden-md vc_hidden-sm&#8221;][insuranced_text_block]<\/p>\n<p style=\"color: #6d96c2;\"><strong>O QUE \u00c9 O SEGURO DE EQUIPAMENTOS PORT\u00c1TEIS?<\/strong><\/p>\n<p>Smartphones, tablets, notebooks, c\u00e2meras e filmadoras s\u00e3o equipamentos que fazem parte do nosso dia-a-dia, seja como ferramentas de trabalho, entretenimento ou para nos manter conectados aos amigos e aos neg\u00f3cios. Apesar de tantas fun\u00e7\u00f5es, os aparelhos port\u00e1teis continuam vulner\u00e1veis a riscos do cotidiano. Proteja seu equipamento port\u00e1til, fa\u00e7a hoje seu seguro.[\/insuranced_text_block][vc_empty_space][insuranced_text_block]<\/p>\n<p style=\"color: #6d96c2;\"><strong>Seguro para Tablet<\/strong><\/p>\n<p>O tablet \u00e9 um dos equipamentos mais completos da atualidade e caiu no gosto dos brasileiros. De acordo a IDC Brasil, \u00e9 esperado um crescimento cada vez mais significativo na venda deste tipo de aparelho no Pa\u00eds. A melhor forma para que voc\u00ea n\u00e3o fique sem seu tablet em caso de danos ou roubo \u00e9 contratando um seguro especializado.[\/insuranced_text_block][vc_empty_space][insuranced_text_block]<\/p>\n<p style=\"color: #6d96c2;\"><strong>Seguro para C\u00e2meras Fotogr\u00e1ficas<\/strong><\/p>\n<p>Seja para lazer ou para trabalho, um equipamento fotogr\u00e1fico de qualidade tem um custo elevado. Por isso, o cuidado com a c\u00e2mera e seus acess\u00f3rios \u00e9 essencial. Fa\u00e7a o seguro para que voc\u00ea n\u00e3o se preocupe em casos de dano ou roubo de sua aparelhagem.<\/p>\n<p>O seguro para c\u00e2mera fotogr\u00e1fica garante n\u00e3o s\u00f3 a reposi\u00e7\u00e3o do seu equipamento como tamb\u00e9m das lentes, trip\u00e9s, flashs e demais acess\u00f3rios. Para quem trabalha com fotografia, o seguro \u00e9 ainda mais indicado, pois os componentes, somados \u00e0 pr\u00f3pria c\u00e2mera, chegam a um alto valor, resultando em um grande preju\u00edzo em ocorr\u00eancias inesperadas.[\/insuranced_text_block][\/vc_column_inner][vc_column_inner width=&#8221;1\/2&#8243; offset=&#8221;vc_hidden-lg vc_hidden-md vc_hidden-sm&#8221;][insuranced_text_block]<strong>Seguro para Smartphone<\/strong><\/p>\n<p>O Seguro para smartphone protege seu celular em todo o Pa\u00eds. Pode-se contratar o seguro de garantia internacional e deixar seu smartphone protegido at\u00e9 fora do Brasil.<\/p>\n<p><strong>Coberturas<\/strong><\/p>\n<p><strong>Danos f\u00edsicos ao aparelho:<\/strong> em caso de queda ou fortes impactos no aparelho;<\/p>\n<p><strong>Danos el\u00e9tricos:<\/strong> descargas el\u00e9tricas, oscila\u00e7\u00f5es de energia e curtos circuitos;<\/p>\n<p><strong>Cobertura contra roubo e furto:\u00a0<\/strong>No roubo h\u00e1 a subtra\u00e7\u00e3o do objeto mediante o uso de viol\u00eancia ou grave amea\u00e7a. No furto, o objeto \u00e9 apenas subtra\u00eddo, normalmente sem a v\u00edtima perceber. O seguro de celular abrange apenas o roubo e o \u201cfurto qualificado\u201d, j\u00e1 o\u00a0\u201cfurto simples\u201d\u00a0 n\u00e3o estar\u00e1 coberto pelo seguro.<\/p>\n<p><strong>Danos por \u00e1gua\/liquido:<\/strong> em caso de danos ocasionados por \u00e1gua ou qualquer subst\u00e2ncia l\u00edquida;<\/p>\n<p><strong>Garantia Internacional:<\/strong> ter\u00e1 extens\u00e3o das garantias contratadas para fora do Brasil.[\/insuranced_text_block][vc_empty_space][insuranced_text_block]<\/p>\n<p style=\"color: #6d96c2;\"><strong>Seguro para Notebook<\/strong><\/p>\n<p>Atualmente, os notebooks s\u00e3o muito \u00fateis para trabalho e lazer pessoal. Ficar sem pode ser bastante prejudicial no dia-a-dia. Para garantir a reposi\u00e7\u00e3o do aparelho em caso de danos e roubos, o investimento em um seguro de notebook \u00e9 uma excelente op\u00e7\u00e3o.[\/insuranced_text_block][vc_empty_space][insuranced_text_block]<\/p>\n<p style=\"color: #6d96c2;\"><strong>Seguro para Filmadora<\/strong><\/p>\n<p>Filmadoras s\u00e3o equipamentos que exigem um alto investimento. Para n\u00e3o perder o dinheiro gasto no aparelho em ocorr\u00eancias de dano ou roubo, a melhor op\u00e7\u00e3o \u00e9 fazer um seguro e garantir a reposi\u00e7\u00e3o da filmadora.<\/p>\n<p>No seguro para filmadora, al\u00e9m do pr\u00f3prio aparelho, h\u00e1 a op\u00e7\u00e3o de segurar os acess\u00f3rios utilizados junto ao equipamento, mesmo que adquiridos separadamente.[\/insuranced_text_block][vc_empty_space][insuranced_button align=&#8221;left&#8221; button=&#8221;url:https%3A%2F%2Fwwws.portoseguro.com.br%2Fvendaonline%2Fequipamentosportateis%2Fhome.ns%3Fcod%3Ded7fd359b8864c00ba499d9a925e142f%26utm_source%3D23839J%26utm_medium%3DgeradorLinks%26utm_campaign%3DGeradordeLinks_EX67YJ%26utm_content%3DFATUS_CORRETORA|title:Fa%C3%A7a%20sua%20Cota%C3%A7%C3%A3o%20Online!|target:%20_blank|&#8221; bgcolor=&#8221;#4486bf&#8221; color=&#8221;#ffffff&#8221;][insuranced_button align=&#8221;left&#8221; button=&#8221;url:http%3A%2F%2Ffatuscorretora.com.br%2Fsite%2Fcotacao-com-corretor%2F|title:Cota%C3%A7%C3%A3o%20com%20Corretor||&#8221; bgcolor=&#8221;#4486bf&#8221; color=&#8221;#ffffff&#8221; css=&#8221;.vc_custom_1522842234170{margin-top: 35px !important;}&#8221;][\/vc_column_inner][\/vc_row_inner][\/vc_column][\/vc_row]<\/p>\n<\/div>","protected":false},"excerpt":{"rendered":"<p>[vc_row full_width=&#8221;stretch_row_content_no_spaces&#8221;][vc_column css=&#8221;.vc_custom_1515939329701{padding-bottom: -70px !important;}&#8221;][vc_single_image image=&#8221;1613&#8243; img_size=&#8221;full&#8221;][\/vc_column][\/vc_row][vc_row css=&#8221;.vc_custom_1515939260233{margin-bottom: 70px !important;}&#8221;][vc_column][insuranced_title title=&#8221;Seguro de Equipamentos Port\u00e1teis&#8221;][vc_row_inner css=&#8221;.vc_custom_1515979884570{margin-top: 30px !important;padding-right: 100px !important;padding-left: 100px !important;}&#8221;][vc_column_inner width=&#8221;1\/2&#8243; offset=&#8221;vc_hidden-xs&#8221;][insuranced_text_block] O QUE \u00c9 O SEGURO DE EQUIPAMENTOS PORT\u00c1TEIS? Smartphones, tablets, notebooks, c\u00e2meras e filmadoras s\u00e3o equipamentos que fazem parte do nosso dia-a-dia, seja como ferramentas de trabalho, entretenimento ou para nos manter [&hellip;]<\/p>\n","protected":false},"author":1,"featured_media":0,"parent":660,"menu_order":0,"comment_status":"closed","ping_status":"closed","template":"","meta":{"_exactmetrics_skip_tracking":false,"_exactmetrics_sitenote_active":false,"_exactmetrics_sitenote_note":"","_exactmetrics_sitenote_category":0,"footnotes":""},"class_list":["post-1582","page","type-page","status-publish","hentry"],"_links":{"self":[{"href":"https:\/\/fatuscorretora.com.br\/site\/wp-json\/wp\/v2\/pages\/1582","targetHints":{"allow":["GET"]}}],"collection":[{"href":"https:\/\/fatuscorretora.com.br\/site\/wp-json\/wp\/v2\/pages"}],"about":[{"href":"https:\/\/fatuscorretora.com.br\/site\/wp-json\/wp\/v2\/types\/page"}],"author":[{"embeddable":true,"href":"https:\/\/fatuscorretora.com.br\/site\/wp-json\/wp\/v2\/users\/1"}],"replies":[{"embeddable":true,"href":"https:\/\/fatuscorretora.com.br\/site\/wp-json\/wp\/v2\/comments?post=1582"}],"version-history":[{"count":12,"href":"https:\/\/fatuscorretora.com.br\/site\/wp-json\/wp\/v2\/pages\/1582\/revisions"}],"predecessor-version":[{"id":1866,"href":"https:\/\/fatuscorretora.com.br\/site\/wp-json\/wp\/v2\/pages\/1582\/revisions\/1866"}],"up":[{"embeddable":true,"href":"https:\/\/fatuscorretora.com.br\/site\/wp-json\/wp\/v2\/pages\/660"}],"wp:attachment":[{"href":"https:\/\/fatuscorretora.com.br\/site\/wp-json\/wp\/v2\/media?parent=1582"}],"curies":[{"name":"wp","href":"https:\/\/api.w.org\/{rel}","templated":true}]}}