{"id":1616,"date":"2018-03-21T17:24:37","date_gmt":"2018-03-21T20:24:37","guid":{"rendered":"https:\/\/fatuscorretora.com.br\/site\/?page_id=1616"},"modified":"2018-09-21T16:19:59","modified_gmt":"2018-09-21T19:19:59","slug":"previdencia-privada","status":"publish","type":"page","link":"https:\/\/fatuscorretora.com.br\/site\/previdencia-privada\/","title":{"rendered":"Previd\u00eancia Privada"},"content":{"rendered":"<div class=\"wpb-content-wrapper\"><p>[vc_row full_width=&#8221;stretch_row_content_no_spaces&#8221;][vc_column css=&#8221;.vc_custom_1515939329701{padding-bottom: -70px !important;}&#8221;][vc_single_image image=&#8221;1617&#8243; img_size=&#8221;full&#8221;][\/vc_column][\/vc_row][vc_row css=&#8221;.vc_custom_1515939260233{margin-bottom: 70px !important;}&#8221;][vc_column 0=&#8221;&#8221;][insuranced_title title=&#8221;Previd\u00eancia Privada&#8221;][vc_row_inner css=&#8221;.vc_custom_1515979884570{margin-top: 30px !important;padding-right: 100px !important;padding-left: 100px !important;}&#8221;][vc_column_inner width=&#8221;1\/2&#8243; offset=&#8221;vc_hidden-xs&#8221;][insuranced_text_block 0=&#8221;&#8221;]<\/p>\n<p style=\"color: #6d96c2;\"><strong>O QUE \u00c9 UMA PREVID\u00caNCIA PRIVADA?<\/strong><\/p>\n<p>Com os planos de Previd\u00eancia, voc\u00ea pode acumular recursos para realiza\u00e7\u00e3o de projetos no futuro, podendo usar o que juntou para curtir a vida ou garantir a tranquilidade da fam\u00edlia. Os planos est\u00e3o dispon\u00edveis nas modalidades PGBL e VGBL e possuem diversas op\u00e7\u00f5es de fundos de investimento para aplica\u00e7\u00e3o de recursos. Al\u00e9m disso, a cobran\u00e7a de taxa de carregamento \u00e9 feita somente na sa\u00edda.[\/insuranced_text_block][vc_empty_space 0=&#8221;&#8221;][insuranced_text_block 0=&#8221;&#8221;]<\/p>\n<p style=\"color: #6d96c2;\"><strong>PGBL OU VGBL?<\/strong><\/p>\n<p><strong>PGBL<\/strong><br \/>\nIndicado a pessoas que utilizam a Declara\u00e7\u00e3o Completa de Imposto de Renda, contribuem para a Previd\u00eancia Social e desejam utilizar o incentivo fiscal.<\/p>\n<p><strong>VGBL<\/strong><br \/>\nIndicado a pessoas que utilizam a Declara\u00e7\u00e3o Simplificada de Imposto de Renda, s\u00e3o isentas ou desejam aplicar mais que 12% da Renda Bruta em Previd\u00eancia.[\/insuranced_text_block][\/vc_column_inner][vc_column_inner width=&#8221;1\/2&#8243; offset=&#8221;vc_hidden-xs&#8221;][insuranced_text_block 0=&#8221;&#8221;]<\/p>\n<p style=\"color: #6d96c2;\"><strong>Vantagens<\/strong><\/p>\n<p>\u2022 POUPAN\u00c7A PARA O FUTURO<br \/>\n\u2022 INCENTIVO FISCAL (NO CASO DE PGBL)<br \/>\n\u2022 COBRAN\u00c7A DE TAXA DE CARREGAMENTO NA SA\u00cdDA<br \/>\n\u2022 COBERTURAS DE PROTE\u00c7\u00c3O FAMILIAR<br \/>\n\u2022 DIVERSAS OP\u00c7\u00d5ES PARA RECEBIMENTO DE RENDA NO FUTURO<br \/>\n[\/insuranced_text_block][vc_empty_space 0=&#8221;&#8221;][insuranced_text_block 0=&#8221;&#8221;]<\/p>\n<p style=\"color: #6d96c2;\"><strong>PLANOS PARA DIFERENTES P\u00daBLICOS <\/strong><\/p>\n<p>Hoje em dia as seguradoras oferecem diferentes tipos de planos de previd\u00eancia, desenhados para atender a necessidades igualmente distintas.<\/p>\n<p>O mercado oferece planos para <strong>voc\u00ea<\/strong>, para as <strong>crian\u00e7as<\/strong> e tamb\u00e9m para as <strong>empresas<\/strong>.[\/insuranced_text_block][vc_empty_space 0=&#8221;&#8221;][\/vc_column_inner][\/vc_row_inner][vc_row_inner css=&#8221;.vc_custom_1515979884570{margin-top: 30px !important;padding-right: 100px !important;padding-left: 100px !important;}&#8221;][vc_column_inner width=&#8221;1\/2&#8243; offset=&#8221;vc_hidden-xs&#8221;][insuranced_button align=&#8221;left&#8221; button=&#8221;url:http%3A%2F%2Ffatuscorretora.com.br%2Fsite%2Fcotacao-com-corretor%2F|title:Cota%C3%A7%C3%A3o%20com%20a%20Fatus||&#8221; color=&#8221;#ffffff&#8221; bgcolor=&#8221;#4486bf&#8221;][\/vc_column_inner][vc_column_inner width=&#8221;1\/2&#8243; offset=&#8221;vc_hidden-xs&#8221;][\/vc_column_inner][\/vc_row_inner][vc_row_inner css=&#8221;.vc_custom_1522017712287{margin-top: 30px !important;padding-right: 10px !important;padding-left: 10px !important;}&#8221;][vc_column_inner width=&#8221;1\/2&#8243; offset=&#8221;vc_hidden-lg vc_hidden-md vc_hidden-sm&#8221;][insuranced_text_block 0=&#8221;&#8221;]<\/p>\n<p style=\"color: #6d96c2;\"><strong>O QUE \u00c9 UMA PREVID\u00caNCIA PRIVADA?<\/strong><\/p>\n<p>Com os planos de Previd\u00eancia, voc\u00ea pode acumular recursos para realiza\u00e7\u00e3o de projetos no futuro, podendo usar o que juntou para curtir a vida ou garantir a tranquilidade da fam\u00edlia. Os planos est\u00e3o dispon\u00edveis nas modalidades PGBL e VGBL e possuem diversas op\u00e7\u00f5es de fundos de investimento para aplica\u00e7\u00e3o de recursos. Al\u00e9m disso, a cobran\u00e7a de taxa de carregamento \u00e9 feita somente na sa\u00edda.[\/insuranced_text_block][vc_empty_space 0=&#8221;&#8221;][insuranced_text_block 0=&#8221;&#8221;]<\/p>\n<p style=\"color: #6d96c2;\"><strong>PGBL OU VGBL?<\/strong><\/p>\n<p><strong>PGBL<\/strong><br \/>\nIndicado a pessoas que utilizam a Declara\u00e7\u00e3o Completa de Imposto de Renda, contribuem para a Previd\u00eancia Social e desejam utilizar o incentivo fiscal.<\/p>\n<p><strong>VGBL<\/strong><br \/>\nIndicado a pessoas que utilizam a Declara\u00e7\u00e3o Simplificada de Imposto de Renda, s\u00e3o isentas ou desejam aplicar mais que 12% da Renda Bruta em Previd\u00eancia.[\/insuranced_text_block][\/vc_column_inner][vc_column_inner width=&#8221;1\/2&#8243; offset=&#8221;vc_hidden-lg vc_hidden-md vc_hidden-sm&#8221;][insuranced_text_block 0=&#8221;&#8221;]<\/p>\n<p style=\"color: #6d96c2;\"><strong>Vantagens<\/strong><\/p>\n<p>\u2022 POUPAN\u00c7A PARA O FUTURO<br \/>\n\u2022 INCENTIVO FISCAL (NO CASO DE PGBL)<br \/>\n\u2022 COBRAN\u00c7A DE TAXA DE CARREGAMENTO NA SA\u00cdDA<br \/>\n\u2022 COBERTURAS DE PROTE\u00c7\u00c3O FAMILIAR<br \/>\n\u2022 DIVERSAS OP\u00c7\u00d5ES PARA RECEBIMENTO DE RENDA NO FUTURO<br \/>\n[\/insuranced_text_block][vc_empty_space 0=&#8221;&#8221;][insuranced_text_block 0=&#8221;&#8221;]<\/p>\n<p style=\"color: #6d96c2;\"><strong>PLANOS PARA DIFERENTES P\u00daBLICOS <\/strong><\/p>\n<p>Hoje em dia as seguradoras oferecem diferentes tipos de planos de previd\u00eancia, desenhados para atender a necessidades igualmente distintas.<\/p>\n<p>O mercado oferece planos para <strong>voc\u00ea<\/strong>, para as <strong>crian\u00e7as<\/strong> e tamb\u00e9m para as <strong>empresas<\/strong>.[\/insuranced_text_block][vc_empty_space 0=&#8221;&#8221;][insuranced_button align=&#8221;left&#8221; button=&#8221;url:http%3A%2F%2Ffatuscorretora.com.br%2Fsite%2Fcotacao-com-corretor%2F|title:Cota%C3%A7%C3%A3o%20com%20a%20Fatus||&#8221; color=&#8221;#ffffff&#8221; bgcolor=&#8221;#4486bf&#8221;][\/vc_column_inner][\/vc_row_inner][vc_row_inner 0=&#8221;&#8221;][vc_column_inner 0=&#8221;&#8221;][vc_empty_space 0=&#8221;&#8221;][insuranced_text 0=&#8221;&#8221;]<\/p>\n<p style=\"color: #6d96c2; text-align: center;\"><strong>CONSULTE-NOS PARA SABER MAIORES INFORMA\u00c7\u00d5ES SOBRE AS COBERTURAS DE CADA PRODUTO.<\/strong><\/p>\n<p>[\/insuranced_text][\/vc_column_inner][\/vc_row_inner][\/vc_column][\/vc_row]<\/p>\n<\/div>","protected":false},"excerpt":{"rendered":"<p>[vc_row full_width=&#8221;stretch_row_content_no_spaces&#8221;][vc_column css=&#8221;.vc_custom_1515939329701{padding-bottom: -70px !important;}&#8221;][vc_single_image image=&#8221;1617&#8243; img_size=&#8221;full&#8221;][\/vc_column][\/vc_row][vc_row css=&#8221;.vc_custom_1515939260233{margin-bottom: 70px !important;}&#8221;][vc_column 0=&#8221;&#8221;][insuranced_title title=&#8221;Previd\u00eancia Privada&#8221;][vc_row_inner css=&#8221;.vc_custom_1515979884570{margin-top: 30px !important;padding-right: 100px !important;padding-left: 100px !important;}&#8221;][vc_column_inner width=&#8221;1\/2&#8243; offset=&#8221;vc_hidden-xs&#8221;][insuranced_text_block 0=&#8221;&#8221;] O QUE \u00c9 UMA PREVID\u00caNCIA PRIVADA? Com os planos de Previd\u00eancia, voc\u00ea pode acumular recursos para realiza\u00e7\u00e3o de projetos no futuro, podendo usar o que juntou para curtir a vida ou garantir [&hellip;]<\/p>\n","protected":false},"author":1,"featured_media":0,"parent":0,"menu_order":0,"comment_status":"closed","ping_status":"closed","template":"","meta":{"_exactmetrics_skip_tracking":false,"_exactmetrics_sitenote_active":false,"_exactmetrics_sitenote_note":"","_exactmetrics_sitenote_category":0,"footnotes":""},"class_list":["post-1616","page","type-page","status-publish","hentry"],"_links":{"self":[{"href":"https:\/\/fatuscorretora.com.br\/site\/wp-json\/wp\/v2\/pages\/1616","targetHints":{"allow":["GET"]}}],"collection":[{"href":"https:\/\/fatuscorretora.com.br\/site\/wp-json\/wp\/v2\/pages"}],"about":[{"href":"https:\/\/fatuscorretora.com.br\/site\/wp-json\/wp\/v2\/types\/page"}],"author":[{"embeddable":true,"href":"https:\/\/fatuscorretora.com.br\/site\/wp-json\/wp\/v2\/users\/1"}],"replies":[{"embeddable":true,"href":"https:\/\/fatuscorretora.com.br\/site\/wp-json\/wp\/v2\/comments?post=1616"}],"version-history":[{"count":8,"href":"https:\/\/fatuscorretora.com.br\/site\/wp-json\/wp\/v2\/pages\/1616\/revisions"}],"predecessor-version":[{"id":1921,"href":"https:\/\/fatuscorretora.com.br\/site\/wp-json\/wp\/v2\/pages\/1616\/revisions\/1921"}],"wp:attachment":[{"href":"https:\/\/fatuscorretora.com.br\/site\/wp-json\/wp\/v2\/media?parent=1616"}],"curies":[{"name":"wp","href":"https:\/\/api.w.org\/{rel}","templated":true}]}}