{"id":2513,"date":"2019-07-26T20:14:42","date_gmt":"2019-07-26T23:14:42","guid":{"rendered":"https:\/\/fatuscorretora.com.br\/site\/?page_id=2513"},"modified":"2019-08-03T20:25:30","modified_gmt":"2019-08-03T23:25:30","slug":"doencas-graves","status":"publish","type":"page","link":"https:\/\/fatuscorretora.com.br\/site\/produtos\/pra-voce\/doencas-graves\/","title":{"rendered":"Doen\u00e7as Graves"},"content":{"rendered":"<div class=\"wpb-content-wrapper\"><p>[vc_row full_width=&#8221;stretch_row_content_no_spaces&#8221;][vc_column css=&#8221;.vc_custom_1515939329701{padding-bottom: -70px !important;}&#8221;][vc_single_image image=&#8221;2532&#8243; img_size=&#8221;full&#8221;][\/vc_column][\/vc_row][vc_row css=&#8221;.vc_custom_1515939260233{margin-bottom: 70px !important;}&#8221;][vc_column][insuranced_title title=&#8221;Doen\u00e7as Graves&#8221;][insuranced_text_block style=&#8221;style3&#8243; title_tag=&#8221;h3&#8243; title=&#8221;O que \u00e9 o seguro para doen\u00e7as graves?&#8221;]\u00c9 um produto feito para que voc\u00ea fique coberto financeiramente em caso de problemas de sa\u00fade mais complexos, e, caso voc\u00ea venha a faltar, os seus dependentes recebem uma indeniza\u00e7\u00e3o. Com esse seguro, no caso de diagn\u00f3stico, voc\u00ea receber\u00e1 o valor contratado de uma \u00fanica vez, seja para auxiliar no tratamento, seja para outras despesas.[\/insuranced_text_block][vc_empty_space 0=&#8221;&#8221;][vc_row_inner 0=&#8221;&#8221;][vc_column_inner width=&#8221;1\/3&#8243;][insuranced_text_block 0=&#8221;&#8221;]<span style=\"font-size: 26px; font-weight: 900; color: #6d96c2;\">Coberturas B\u00e1sicas<\/span>[\/insuranced_text_block][insuranced_text_block 0=&#8221;&#8221;]<\/p>\n<ul>\n<li><span style=\"font-size: 18px; color: #333333;\">Morte acidental<\/span><\/li>\n<li><span style=\"font-size: 18px; color: #333333;\">Morte qualquer causa<\/span><\/li>\n<li><span style=\"font-size: 18px; color: #333333;\">Doen\u00e7as graves<\/span><\/li>\n<\/ul>\n<p>[\/insuranced_text_block][\/vc_column_inner][vc_column_inner width=&#8221;1\/3&#8243;][insuranced_text_block 0=&#8221;&#8221;]<span style=\"font-size: 26px; font-weight: 900; color: #6d96c2;\">Coberturas adicionais<\/span>[\/insuranced_text_block][insuranced_text_block 0=&#8221;&#8221;]<\/p>\n<ul>\n<li><span style=\"font-size: 18px; color: #333333;\">Assist\u00eancia funeral individual<\/span><\/li>\n<li><span style=\"font-size: 18px; color: #333333;\">Assist\u00eancia funeral familiar<\/span><\/li>\n<\/ul>\n<p>[\/insuranced_text_block][\/vc_column_inner][vc_column_inner width=&#8221;1\/3&#8243;][insuranced_text_block 0=&#8221;&#8221;]<span style=\"font-size: 26px; font-weight: 900; color: #6d96c2;\">Vantagens inclusas<\/span><br \/>\n[\/insuranced_text_block][insuranced_text_block 0=&#8221;&#8221;]<\/p>\n<ul>\n<li><span style=\"font-size: 18px; color: #333333;\">Assist\u00eancia homem e mulher<\/span><\/li>\n<li><span style=\"font-size: 18px; color: #333333;\">Assist\u00eancia master<\/span><\/li>\n<\/ul>\n<p>[\/insuranced_text_block][\/vc_column_inner][\/vc_row_inner][vc_empty_space 0=&#8221;&#8221;][vc_empty_space height=&#8221;50px&#8221;][insuranced_button align=&#8221;left&#8221; color=&#8221;#ffffff&#8221; bgcolor=&#8221;#4486bf&#8221; button=&#8221;url:http%3A%2F%2Ffatuscorretora.com.br%2Fsite%2Fcotacao-com-o-corretor-saude%2F|title:Cota%C3%A7%C3%A3o%20com%20a%20Fatus||&#8221;][vc_empty_space height=&#8221;50px&#8221;][insuranced_text_block]<\/p>\n<p style=\"color: #6d96c2; text-align: center;\"><strong>CONSULTE-NOS PARA SABER MAIORES INFORMA\u00c7\u00d5ES SOBRE AS COBERTURAS DE CADA PRODUTO.<\/strong><\/p>\n<p>[\/insuranced_text_block][\/vc_column][\/vc_row]<\/p>\n<\/div>","protected":false},"excerpt":{"rendered":"<p>[vc_row full_width=&#8221;stretch_row_content_no_spaces&#8221;][vc_column css=&#8221;.vc_custom_1515939329701{padding-bottom: -70px !important;}&#8221;][vc_single_image image=&#8221;2532&#8243; img_size=&#8221;full&#8221;][\/vc_column][\/vc_row][vc_row css=&#8221;.vc_custom_1515939260233{margin-bottom: 70px !important;}&#8221;][vc_column][insuranced_title title=&#8221;Doen\u00e7as Graves&#8221;][insuranced_text_block style=&#8221;style3&#8243; title_tag=&#8221;h3&#8243; title=&#8221;O que \u00e9 o seguro para doen\u00e7as graves?&#8221;]\u00c9 um produto feito para que voc\u00ea fique coberto financeiramente em caso de problemas de sa\u00fade mais complexos, e, caso voc\u00ea venha a faltar, os seus dependentes recebem uma indeniza\u00e7\u00e3o. Com esse seguro, no [&hellip;]<\/p>\n","protected":false},"author":1,"featured_media":0,"parent":660,"menu_order":0,"comment_status":"closed","ping_status":"closed","template":"","meta":{"_exactmetrics_skip_tracking":false,"_exactmetrics_sitenote_active":false,"_exactmetrics_sitenote_note":"","_exactmetrics_sitenote_category":0,"footnotes":""},"class_list":["post-2513","page","type-page","status-publish","hentry"],"_links":{"self":[{"href":"https:\/\/fatuscorretora.com.br\/site\/wp-json\/wp\/v2\/pages\/2513","targetHints":{"allow":["GET"]}}],"collection":[{"href":"https:\/\/fatuscorretora.com.br\/site\/wp-json\/wp\/v2\/pages"}],"about":[{"href":"https:\/\/fatuscorretora.com.br\/site\/wp-json\/wp\/v2\/types\/page"}],"author":[{"embeddable":true,"href":"https:\/\/fatuscorretora.com.br\/site\/wp-json\/wp\/v2\/users\/1"}],"replies":[{"embeddable":true,"href":"https:\/\/fatuscorretora.com.br\/site\/wp-json\/wp\/v2\/comments?post=2513"}],"version-history":[{"count":10,"href":"https:\/\/fatuscorretora.com.br\/site\/wp-json\/wp\/v2\/pages\/2513\/revisions"}],"predecessor-version":[{"id":2538,"href":"https:\/\/fatuscorretora.com.br\/site\/wp-json\/wp\/v2\/pages\/2513\/revisions\/2538"}],"up":[{"embeddable":true,"href":"https:\/\/fatuscorretora.com.br\/site\/wp-json\/wp\/v2\/pages\/660"}],"wp:attachment":[{"href":"https:\/\/fatuscorretora.com.br\/site\/wp-json\/wp\/v2\/media?parent=2513"}],"curies":[{"name":"wp","href":"https:\/\/api.w.org\/{rel}","templated":true}]}}