{"id":513,"date":"2018-01-11T02:20:46","date_gmt":"2018-01-11T05:20:46","guid":{"rendered":"http:\/\/fatuscorretora.com.br\/homolog\/?page_id=513"},"modified":"2019-04-05T12:07:08","modified_gmt":"2019-04-05T15:07:08","slug":"sobre-nos","status":"publish","type":"page","link":"https:\/\/fatuscorretora.com.br\/site\/sobre-nos\/","title":{"rendered":"Sobre n\u00f3s"},"content":{"rendered":"<div class=\"wpb-content-wrapper\"><p>[vc_row full_width=&#8221;stretch_row_content_no_spaces&#8221; css=&#8221;.vc_custom_1515900397844{margin-bottom: -30px !important;}&#8221;][vc_column][vc_single_image image=&#8221;1298&#8243; img_size=&#8221;full&#8221; alignment=&#8221;center&#8221;][insuranced_title title=&#8221;CONHE\u00c7A A FATUS, O SEU ENDERE\u00c7O SEGURO&#8221; css=&#8221;.vc_custom_1515881530552{margin-top: 50px !important;}&#8221;][\/vc_column][\/vc_row][vc_row 0=&#8221;&#8221;][vc_column css=&#8221;.vc_custom_1517406731140{padding-right: 150px !important;padding-left: 150px !important;}&#8221; offset=&#8221;vc_hidden-xs&#8221;][insuranced_text_block css=&#8221;.vc_custom_1543926813118{margin-bottom: 50px !important;}&#8221;]A Fatus \u00e9 uma corretora de seguros fundada em 1995 no estado do Rio de Janeiro. Foi pioneira ao vender com exclusividade o Servi\u00e7o de Assist\u00eancia 24 horas, o que mais tarde foi agregado pelas Seguradoras nos seguros de autom\u00f3vel e resid\u00eancia.<\/p>\n<p>Nossa empresa sempre buscou abra\u00e7ar as principais e melhores Seguradoras do Pa\u00eds. Nos preocupamos em prestar um atendimento completo, seja por telefone, e-mail, sms, whatsapp, chat, ou at\u00e9 mesmo pessoalmente na sede pr\u00f3pria da empresa, possibilitando que cada um entre em contato conosco como quiser. Procurando simplificar a compra do seguro, deixamos dispon\u00edveis em nosso site formul\u00e1rios para preenchimento, tornando mais r\u00e1pido a sua cota\u00e7\u00e3o.[\/insuranced_text_block][vc_row_inner 0=&#8221;&#8221;][vc_column_inner 0=&#8221;&#8221;][\/vc_column_inner][\/vc_row_inner][\/vc_column][\/vc_row][vc_row 0=&#8221;&#8221;][vc_column css=&#8221;.vc_custom_1517406770816{padding-right: 15px !important;padding-left: 15px !important;}&#8221; offset=&#8221;vc_hidden-lg vc_hidden-md vc_hidden-sm&#8221;][insuranced_text_block css=&#8221;.vc_custom_1543926310059{margin-bottom: 50px !important;}&#8221;]<\/p>\n<p style=\"text-align: center;\">A Fatus \u00e9 uma corretora de seguros fundada em 1995 no estado do Rio de Janeiro. Foi pioneira ao vender com exclusividade o Servi\u00e7o de Assist\u00eancia 24 horas, o que mais tarde foi agregado pelas Seguradoras nos seguros de autom\u00f3vel e resid\u00eancia.<\/p>\n<p style=\"text-align: center;\">Nossa empresa sempre buscou abra\u00e7ar as principais e melhores Seguradoras do Pa\u00eds. Nos preocupamos em prestar um atendimento completo, seja por telefone, e-mail, sms, whatsapp, chat, ou at\u00e9 mesmo pessoalmente na sede pr\u00f3pria da empresa, possibilitando que cada um entre em contato conosco como quiser. Procurando simplificar a compra do seguro, deixamos dispon\u00edveis em nosso site formul\u00e1rios para preenchimento, tornando mais r\u00e1pido a sua cota\u00e7\u00e3o.<\/p>\n<p>[\/insuranced_text_block][\/vc_column][\/vc_row][vc_row css=&#8221;.vc_custom_1515881425053{margin-bottom: 70px !important;padding-right: 150px !important;padding-left: 135px !important;}&#8221;][vc_column width=&#8221;1\/2&#8243; css=&#8221;.vc_custom_1517406810865{margin-top: 15px !important;}&#8221; offset=&#8221;vc_hidden-xs&#8221;][insuranced_text_block 0=&#8221;&#8221;]<\/p>\n<p style=\"color: #6d96c2; text-align: center;\"><strong>NOSSA MISS\u00c3O<\/strong><\/p>\n<p style=\"text-align: center;\">Proporcionar atendimentos personalizados, visando oferecer produtos de seguro, servi\u00e7os de assessoria e intermedia\u00e7\u00e3o financeira para pessoas f\u00edsicas e jur\u00eddicas.<\/p>\n<p>[\/insuranced_text_block][insuranced_text_block 0=&#8221;&#8221;]<\/p>\n<p style=\"color: #6d96c2; text-align: center;\"><strong>NOSSOS VALORES<\/strong><\/p>\n<p style=\"text-align: center;\">\u00c9tica | Transpar\u00eancia | Compromisso<br \/>\nExcel\u00eancia | Qualidade | Celeridade<\/p>\n<p>[\/insuranced_text_block][\/vc_column][vc_column width=&#8221;1\/2&#8243; offset=&#8221;vc_hidden-xs&#8221;][vc_row_inner 0=&#8221;&#8221;][vc_column_inner 0=&#8221;&#8221;][insuranced_text_block 0=&#8221;&#8221;]<\/p>\n<p style=\"color: #6d96c2; text-align: center;\"><strong>NOSSA VIS\u00c3O<\/strong><\/p>\n<p style=\"text-align: center;\">Queremos ser seu endere\u00e7o seguro.<\/p>\n<p>[\/insuranced_text_block][\/vc_column_inner][\/vc_row_inner][insuranced_text_block 0=&#8221;&#8221;]<\/p>\n<p style=\"color: #6d96c2; text-align: center;\"><strong>NOSSO SUPORTE AUTO<\/strong><\/p>\n<p style=\"text-align: center;\">Realizamos todo o processo de: emiss\u00e3o, transmiss\u00e3o e acompanhamento da ap\u00f3lice, agendamento de vistoria e acompanhamento de sinistros desde a abertura at\u00e9 a conclus\u00e3o, inclusive junto \u00e0s oficinas mec\u00e2nicas, com cobran\u00e7as de pe\u00e7as e prazos.<\/p>\n<p>[\/insuranced_text_block][\/vc_column][vc_column 0=&#8221;&#8221;][\/vc_column][\/vc_row][vc_row css=&#8221;.vc_custom_1517406951042{margin-top: -70px !important;margin-bottom: 70px !important;padding-right: 15px !important;padding-left: 15px !important;}&#8221;][vc_column width=&#8221;1\/2&#8243; css=&#8221;.vc_custom_1517406829661{margin-top: 15px !important;}&#8221; offset=&#8221;vc_hidden-lg vc_hidden-md vc_hidden-sm&#8221;][insuranced_text_block 0=&#8221;&#8221;]<\/p>\n<p style=\"color: #6d96c2; text-align: center;\"><strong>NOSSA MISS\u00c3O<\/strong><\/p>\n<p style=\"text-align: center;\">Proporcionar atendimentos personalizados, visando oferecer produtos de seguro, servi\u00e7os de assessoria e intermedia\u00e7\u00e3o financeira para pessoas f\u00edsicas e jur\u00eddicas.<\/p>\n<p>[\/insuranced_text_block][insuranced_text_block 0=&#8221;&#8221;]<\/p>\n<p style=\"color: #6d96c2; text-align: center;\"><strong>NOSSOS VALORES<\/strong><\/p>\n<p style=\"text-align: center;\">\u00c9tica | Transpar\u00eancia | Compromisso<br \/>\nExcel\u00eancia | Qualidade | Celeridade<\/p>\n<p>[\/insuranced_text_block][\/vc_column][vc_column width=&#8221;1\/2&#8243; offset=&#8221;vc_hidden-lg vc_hidden-md vc_hidden-sm&#8221;][insuranced_text_block 0=&#8221;&#8221;]<\/p>\n<p style=\"color: #6d96c2; text-align: center;\"><strong>NOSSA VIS\u00c3O<\/strong><\/p>\n<p style=\"text-align: center;\">Queremos ser seu endere\u00e7o seguro.<\/p>\n<p>[\/insuranced_text_block][insuranced_text_block 0=&#8221;&#8221;]<\/p>\n<p style=\"color: #6d96c2; text-align: center;\"><strong>NOSSO SUPORTE AUTO<\/strong><\/p>\n<p style=\"text-align: center;\">Realizamos todo o processo de: emiss\u00e3o, transmiss\u00e3o e acompanhamento da ap\u00f3lice, agendamento de vistoria e acompanhamento de sinistros desde a abertura at\u00e9 a conclus\u00e3o, inclusive junto \u00e0s oficinas mec\u00e2nicas, com cobran\u00e7as de pe\u00e7as e prazos.<\/p>\n<p>[\/insuranced_text_block][\/vc_column][\/vc_row]<\/p>\n<\/div>","protected":false},"excerpt":{"rendered":"<p>[vc_row full_width=&#8221;stretch_row_content_no_spaces&#8221; css=&#8221;.vc_custom_1515900397844{margin-bottom: -30px !important;}&#8221;][vc_column][vc_single_image image=&#8221;1298&#8243; img_size=&#8221;full&#8221; alignment=&#8221;center&#8221;][insuranced_title title=&#8221;CONHE\u00c7A A FATUS, O SEU ENDERE\u00c7O SEGURO&#8221; css=&#8221;.vc_custom_1515881530552{margin-top: 50px !important;}&#8221;][\/vc_column][\/vc_row][vc_row 0=&#8221;&#8221;][vc_column css=&#8221;.vc_custom_1517406731140{padding-right: 150px !important;padding-left: 150px !important;}&#8221; offset=&#8221;vc_hidden-xs&#8221;][insuranced_text_block css=&#8221;.vc_custom_1543926813118{margin-bottom: 50px !important;}&#8221;]A Fatus \u00e9 uma corretora de seguros fundada em 1995 no estado do Rio de Janeiro. Foi pioneira ao vender com exclusividade o Servi\u00e7o de Assist\u00eancia 24 horas, [&hellip;]<\/p>\n","protected":false},"author":1,"featured_media":0,"parent":0,"menu_order":0,"comment_status":"closed","ping_status":"closed","template":"","meta":{"_exactmetrics_skip_tracking":false,"_exactmetrics_sitenote_active":false,"_exactmetrics_sitenote_note":"","_exactmetrics_sitenote_category":0,"footnotes":""},"class_list":["post-513","page","type-page","status-publish","hentry"],"_links":{"self":[{"href":"https:\/\/fatuscorretora.com.br\/site\/wp-json\/wp\/v2\/pages\/513","targetHints":{"allow":["GET"]}}],"collection":[{"href":"https:\/\/fatuscorretora.com.br\/site\/wp-json\/wp\/v2\/pages"}],"about":[{"href":"https:\/\/fatuscorretora.com.br\/site\/wp-json\/wp\/v2\/types\/page"}],"author":[{"embeddable":true,"href":"https:\/\/fatuscorretora.com.br\/site\/wp-json\/wp\/v2\/users\/1"}],"replies":[{"embeddable":true,"href":"https:\/\/fatuscorretora.com.br\/site\/wp-json\/wp\/v2\/comments?post=513"}],"version-history":[{"count":23,"href":"https:\/\/fatuscorretora.com.br\/site\/wp-json\/wp\/v2\/pages\/513\/revisions"}],"predecessor-version":[{"id":2302,"href":"https:\/\/fatuscorretora.com.br\/site\/wp-json\/wp\/v2\/pages\/513\/revisions\/2302"}],"wp:attachment":[{"href":"https:\/\/fatuscorretora.com.br\/site\/wp-json\/wp\/v2\/media?parent=513"}],"curies":[{"name":"wp","href":"https:\/\/api.w.org\/{rel}","templated":true}]}}