{"id":528,"date":"2018-01-11T02:50:29","date_gmt":"2018-01-11T05:50:29","guid":{"rendered":"http:\/\/fatuscorretora.com.br\/homolog\/?page_id=528"},"modified":"2023-04-13T21:17:17","modified_gmt":"2023-04-14T00:17:17","slug":"inicio","status":"publish","type":"page","link":"https:\/\/fatuscorretora.com.br\/site\/","title":{"rendered":"In\u00edcio"},"content":{"rendered":"<div class=\"wpb-content-wrapper\"><p>[vc_row full_width=&#8221;stretch_row_content_no_spaces&#8221;][vc_column][\/vc_column][\/vc_row][vc_row full_width=&#8221;stretch_row_content_no_spaces&#8221; full_height=&#8221;yes&#8221; disable_element=&#8221;yes&#8221; css=&#8221;.vc_custom_1552583324503{padding-top: 110px !important;padding-right: 110px !important;padding-bottom: 110px !important;padding-left: 110px !important;background-image: url(https:\/\/fatuscorretora.com.br\/site\/wp-content\/uploads\/2018\/01\/222.jpg?id=1300) !important;background-position: center !important;background-repeat: no-repeat !important;background-size: cover !important;}&#8221;][vc_column width=&#8221;2\/3&#8243; css=&#8221;.vc_custom_1517410501665{padding-left: 100px !important;}&#8221; offset=&#8221;vc_hidden-xs&#8221;][insuranced_icon_text style=&#8221;style4&#8243; css=&#8221;.vc_custom_1543340463484{margin-top: -70px !important;margin-right: 20% !important;margin-bottom: -30px !important;margin-left: 10px !important;padding-right: 10% !important;padding-bottom: 70px !important;padding-left: 50px !important;background-color: rgba(11,107,191,0.59) !important;*background-color: rgb(11,107,191) !important;}&#8221; icon_color=&#8221;#ffffff&#8221; button=&#8221;url:https%3A%2F%2Fwwws.portoseguro.com.br%2Fvendaonline%2Fviagem%2Fhome.ns%3Fcod%3Dcca5afc0e0694884be84b4909e87c32b%26utm_source%3D23839J%26utm_medium%3DgeradorLinks%26utm_campaign%3DGeradordeLinks_EX67YJ%26utm_content%3DFATUS_CORRETORA|title:Cota%C3%A7%C3%A3o%20Online|target:%20_blank|&#8221;]<\/p>\n<div id=\"Content\">\n<div class=\"boxed\">\n<div id=\"lipsum\">\n<p style=\"color: white; font-size: 3vw; line-height: 57px;\"><strong>Seguro Viagem, Fa\u00e7a uma cota\u00e7\u00e3o!<\/strong><\/p>\n<\/div>\n<\/div>\n<\/div>\n<p>[\/insuranced_icon_text][\/vc_column][vc_column width=&#8221;1\/3&#8243;][\/vc_column][\/vc_row][vc_row full_width=&#8221;stretch_row_content_no_spaces&#8221;][vc_column 0=&#8221;&#8221;][insuranced_title title=&#8221;Produtos&#8221; css=&#8221;.vc_custom_1552583587840{margin-top: 30px !important;}&#8221;][\/vc_column][\/vc_row][vc_row css=&#8221;.vc_custom_1516040674660{margin-right: 15px !important;margin-bottom: 30px !important;margin-left: -15px !important;}&#8221;][vc_column width=&#8221;1\/4&#8243; css=&#8221;.vc_custom_1517413110129{margin-right: 30px !important;margin-left: -30px !important;background-color: #6d96c2 !important;border-radius: 3px !important;}&#8221; offset=&#8221;vc_hidden-xs&#8221;][insuranced_icon_text style=&#8221;style4&#8243; icon_type=&#8221;ticon&#8221; ticon=&#8221;icons8-gender-neutral-user&#8221; css=&#8221;.vc_custom_1519388563911{margin-top: 10px !important;margin-left: 10px !important;padding-right: 10px !important;padding-bottom: 35px !important;}&#8221; icon_color=&#8221;#ffffff&#8221; button=&#8221;url:https%3A%2F%2Fwwws.portoseguro.com.br%2Fvendaonline%2Fvidamaissimples%2Fhome.ns%3Fcod%3D24ebd94ffa4b4301a5510db4b5e03d2f%26utm_source%3D23839J%26utm_medium%3DgeradorLinks%26utm_campaign%3DGeradordeLinks_EX67YJ%26utm_content%3DFATUS_CORRETORA|title:Cota%C3%A7%C3%A3o%20Online|target:%20_blank|&#8221;]<\/p>\n<div id=\"Content\">\n<div class=\"boxed\">\n<div id=\"lipsum\">\n<p style=\"color: white; font-size: 20px;\"><strong>Seguro de Vida<\/strong><\/p>\n<p style=\"color: #6d96c2;\">.<\/p>\n<p style=\"color: white;\">N\u00e3o existe bem maior do que a sua vida e da sua fam\u00edlia. Proteja seu presente pensando no seu futuro.<\/p>\n<\/div>\n<\/div>\n<\/div>\n<p>[\/insuranced_icon_text][\/vc_column][vc_column width=&#8221;1\/4&#8243; css=&#8221;.vc_custom_1517413116415{background-color: #6d96c2 !important;border-radius: 3px !important;}&#8221; offset=&#8221;vc_hidden-xs&#8221;][insuranced_icon_text style=&#8221;style4&#8243; ficon=&#8221;fa fa-home&#8221; css=&#8221;.vc_custom_1519398554855{margin-top: 10px !important;margin-left: 10px !important;padding-right: 10px !important;padding-bottom: 35px !important;}&#8221; icon_color=&#8221;#ffffff&#8221; button=&#8221;url:https%3A%2F%2Fwwws.portoseguro.com.br%2Fvendaonline%2Fresidencia%2Fhome.ns%3Fcod%3D2a6e3a5e67fb49db86885bfe98511e74%26utm_source%3D23839J%26utm_medium%3DgeradorLinks%26utm_campaign%3DGeradordeLinks_EX67YJ%26utm_content%3DFATUS_CORRETORA|title:Cota%C3%A7%C3%A3o%20Online||&#8221;]<\/p>\n<div id=\"Content\">\n<div class=\"boxed\">\n<div id=\"lipsum\">\n<p style=\"color: white; font-size: 20px;\"><strong>Seguro Residencial<\/strong><\/p>\n<p style=\"color: #6d96c2;\">.<\/p>\n<p style=\"color: white;\">O seu patrim\u00f4nio precisa de prote\u00e7\u00e3o! Garanta o conforto do seu lar contra imprevistos. Fa\u00e7a seu seguro hoje.<\/p>\n<\/div>\n<\/div>\n<\/div>\n<p>[\/insuranced_icon_text][\/vc_column][vc_column width=&#8221;1\/4&#8243; css=&#8221;.vc_custom_1517413121693{margin-right: 30px !important;margin-left: 30px !important;background-color: #6d96c2 !important;border-radius: 3px !important;}&#8221; offset=&#8221;vc_hidden-xs&#8221;][insuranced_icon_text style=&#8221;style4&#8243; ficon=&#8221;fa fa-plane&#8221; css=&#8221;.vc_custom_1519398224056{margin-top: 10px !important;margin-left: 10px !important;padding-right: 10px !important;padding-bottom: 35px !important;}&#8221; icon_color=&#8221;#ffffff&#8221; button=&#8221;url:https%3A%2F%2Fwwws.portoseguro.com.br%2Fvendaonline%2Fviagem%2Fhome.ns%3Fcod%3Dcca5afc0e0694884be84b4909e87c32b%26utm_source%3D23839J%26utm_medium%3DgeradorLinks%26utm_campaign%3DGeradordeLinks_EX67YJ%26utm_content%3DFATUS_CORRETORA|title:Cota%C3%A7%C3%A3o%20Online|target:%20_blank|&#8221;]<\/p>\n<div id=\"Content\">\n<div class=\"boxed\">\n<div id=\"lipsum\">\n<p style=\"color: white; font-size: 20px;\"><strong>Seguro Viagem<\/strong><\/p>\n<p style=\"color: #6d96c2;\">.<\/p>\n<p style=\"color: white;\">Aproveite sua viagem hoje com maior prote\u00e7\u00e3o e seguran\u00e7a. Esteja livre de preocupa\u00e7\u00f5es e viaje com seguro.<\/p>\n<\/div>\n<\/div>\n<\/div>\n<p>[\/insuranced_icon_text][\/vc_column][vc_column width=&#8221;1\/4&#8243; css=&#8221;.vc_custom_1517413127942{margin-right: -60px !important;margin-left: 60px !important;background-color: #6d96c2 !important;border-radius: 3px !important;}&#8221; offset=&#8221;vc_hidden-xs&#8221;][insuranced_icon_text style=&#8221;style4&#8243; ficon=&#8221;fa fa-car&#8221; css=&#8221;.vc_custom_1519398266712{margin-top: 10px !important;margin-left: 10px !important;padding-right: 10px !important;padding-bottom: 35px !important;}&#8221; icon_color=&#8221;#ffffff&#8221; button=&#8221;url:https%3A%2F%2Fwwws.portoseguro.com.br%2Fvendaonline%2Fhome.ns%3Fcod%3D837467506e31434cb6c90a8fc0c109e1%26utm_source%3D23839J%26utm_medium%3DgeradorLinks%26utm_campaign%3DGeradordeLinks_EX67YJ%26utm_content%3DFATUS_CORRETORA|title:Cota%C3%A7%C3%A3o%20Online|target:%20_blank|&#8221;]<\/p>\n<div id=\"Content\">\n<div class=\"boxed\">\n<div id=\"lipsum\">\n<p style=\"color: white; font-size: 20px;\"><strong>Seguro AUTO<\/strong><\/p>\n<p style=\"color: #6d96c2;\">.<\/p>\n<p style=\"color: white;\">Seu carro est\u00e1 exposto todos os dias. Mantenha ele seguro hoje e garanta sua tranquilidade amanh\u00e3.<\/p>\n<\/div>\n<\/div>\n<\/div>\n<p>[\/insuranced_icon_text][\/vc_column][\/vc_row][vc_row css=&#8221;.vc_custom_1517413349292{margin-right: 15px !important;margin-bottom: 30px !important;margin-left: 15px !important;}&#8221;][vc_column width=&#8221;1\/4&#8243; css=&#8221;.vc_custom_1517413480668{margin-bottom: 30px !important;background-color: #6d96c2 !important;border-radius: 3px !important;}&#8221; offset=&#8221;vc_hidden-lg vc_hidden-md vc_hidden-sm&#8221;][insuranced_icon_text style=&#8221;style4&#8243; icon_type=&#8221;ticon&#8221; ticon=&#8221;icons8-gender-neutral-user&#8221; css=&#8221;.vc_custom_1519389239361{margin-top: 10px !important;margin-left: 10px !important;padding-right: 10px !important;padding-bottom: 35px !important;}&#8221; icon_color=&#8221;#ffffff&#8221; button=&#8221;url:https%3A%2F%2Fwwws.portoseguro.com.br%2Fvendaonline%2Fvidamaissimples%2Fhome.ns%3Fcod%3D24ebd94ffa4b4301a5510db4b5e03d2f%26utm_source%3D23839J%26utm_medium%3DgeradorLinks%26utm_campaign%3DGeradordeLinks_EX67YJ%26utm_content%3DFATUS_CORRETORA|title:Cota%C3%A7%C3%A3o%20Online|target:%20_blank|&#8221;]<\/p>\n<div id=\"Content\">\n<div class=\"boxed\">\n<div id=\"lipsum\">\n<p style=\"color: white; font-size: 20px; text-align: center;\"><strong>Seguro de Vida<\/strong><\/p>\n<p style=\"color: #6d96c2; text-align: center;\">.<\/p>\n<p style=\"color: white; text-align: center;\">N\u00e3o existe bem maior do que a sua vida e da sua fam\u00edlia. Proteja seu presente pensando no seu futuro.<\/p>\n<\/div>\n<\/div>\n<\/div>\n<p>[\/insuranced_icon_text][\/vc_column][vc_column width=&#8221;1\/4&#8243; css=&#8221;.vc_custom_1517413475518{margin-bottom: 30px !important;background-color: #6d96c2 !important;border-radius: 3px !important;}&#8221; offset=&#8221;vc_hidden-lg vc_hidden-md vc_hidden-sm&#8221;][insuranced_icon_text style=&#8221;style4&#8243; ficon=&#8221;fa fa-home&#8221; css=&#8221;.vc_custom_1519869308644{margin-top: 10px !important;margin-left: 10px !important;padding-right: 10px !important;padding-bottom: 35px !important;}&#8221; icon_color=&#8221;#ffffff&#8221; button=&#8221;url:https%3A%2F%2Fwwws.portoseguro.com.br%2Fvendaonline%2Fresidencia%2Fhome.ns%3Fcod%3D2a6e3a5e67fb49db86885bfe98511e74%26utm_source%3D23839J%26utm_medium%3DgeradorLinks%26utm_campaign%3DGeradordeLinks_EX67YJ%26utm_content%3DFATUS_CORRETORA|title:Cota%C3%A7%C3%A3o%20Online|target:%20_blank|&#8221;]<\/p>\n<div id=\"Content\">\n<div class=\"boxed\">\n<div id=\"lipsum\">\n<p style=\"color: white; font-size: 20px;\"><strong>Seguro Residencial<\/strong><\/p>\n<p style=\"color: #6d96c2;\">.<\/p>\n<p style=\"color: white;\">O seu patrim\u00f4nio precisa de prote\u00e7\u00e3o! Garanta o conforto do seu lar contra imprevistos. Fa\u00e7a seu seguro hoje.<\/p>\n<\/div>\n<\/div>\n<\/div>\n<p>[\/insuranced_icon_text][\/vc_column][vc_column width=&#8221;1\/4&#8243; css=&#8221;.vc_custom_1517413488835{margin-bottom: 30px !important;background-color: #6d96c2 !important;border-radius: 3px !important;}&#8221; offset=&#8221;vc_hidden-lg vc_hidden-md vc_hidden-sm&#8221;][insuranced_icon_text style=&#8221;style4&#8243; ficon=&#8221;fa fa-plane&#8221; css=&#8221;.vc_custom_1519869528015{margin-top: 10px !important;margin-left: 10px !important;padding-right: 10px !important;padding-bottom: 35px !important;}&#8221; icon_color=&#8221;#ffffff&#8221; button=&#8221;url:https%3A%2F%2Fwwws.portoseguro.com.br%2Fvendaonline%2Fviagem%2Fhome.ns%3Fcod%3Dcca5afc0e0694884be84b4909e87c32b%26utm_source%3D23839J%26utm_medium%3DgeradorLinks%26utm_campaign%3DGeradordeLinks_EX67YJ%26utm_content%3DFATUS_CORRETORA|title:Cota%C3%A7%C3%A3o%20Online|target:%20_blank|&#8221;]<\/p>\n<div id=\"Content\">\n<div class=\"boxed\">\n<div id=\"lipsum\">\n<p style=\"color: white; font-size: 20px;\"><strong>Seguro Viagem<\/strong><\/p>\n<p style=\"color: #6d96c2;\">.<\/p>\n<p style=\"color: white;\">Aproveite sua viagem hoje com maior prote\u00e7\u00e3o e seguran\u00e7a. Esteja livre de preocupa\u00e7\u00f5es e viaje com seguro.<\/p>\n<\/div>\n<\/div>\n<\/div>\n<p>[\/insuranced_icon_text][\/vc_column][vc_column width=&#8221;1\/4&#8243; css=&#8221;.vc_custom_1517413497267{margin-bottom: 30px !important;background-color: #6d96c2 !important;border-radius: 3px !important;}&#8221; offset=&#8221;vc_hidden-lg vc_hidden-md vc_hidden-sm&#8221;][insuranced_icon_text style=&#8221;style4&#8243; ficon=&#8221;fa fa-car&#8221; css=&#8221;.vc_custom_1519869435759{margin-top: 10px !important;margin-left: 10px !important;padding-right: 10px !important;padding-bottom: 35px !important;}&#8221; icon_color=&#8221;#ffffff&#8221; button=&#8221;url:https%3A%2F%2Fwwws.portoseguro.com.br%2Fvendaonline%2Fhome.ns%3Fcod%3D837467506e31434cb6c90a8fc0c109e1%26utm_source%3D23839J%26utm_medium%3DgeradorLinks%26utm_campaign%3DGeradordeLinks_EX67YJ%26utm_content%3DFATUS_CORRETORA|title:Cota%C3%A7%C3%A3o%20Online|target:%20_blank|&#8221;]<\/p>\n<div id=\"Content\">\n<div class=\"boxed\">\n<div id=\"lipsum\">\n<p style=\"color: white; font-size: 20px;\"><strong>Seguro AUTO<\/strong><\/p>\n<p style=\"color: #6d96c2;\">.<\/p>\n<p style=\"color: white;\">Seu carro est\u00e1 exposto todos os dias. Mantenha ele seguro hoje e garanta sua tranquilidade amanh\u00e3.<\/p>\n<\/div>\n<\/div>\n<\/div>\n<p>[\/insuranced_icon_text][\/vc_column][\/vc_row][vc_row][vc_column][insuranced_title title=&#8221;Seguradoras&#8221; css=&#8221;.vc_custom_1516192643295{margin-top: 70px !important;margin-bottom: -20px !important;}&#8221;][insuranced_logo_slider el_class=&#8221;clientes&#8221; images=&#8221;755,754,752,750,1568,1570,1651,5515,5514&#8243;][vc_empty_space height=&#8221;50px&#8221;][vc_row_inner][vc_column_inner][insuranced_title title=&#8221;Nossas redes&#8221; css=&#8221;.vc_custom_1563300235711{margin-top: 70px !important;margin-bottom: 20px !important;}&#8221;][\/vc_column_inner][\/vc_row_inner][vc_row_inner][vc_column_inner width=&#8221;1\/2&#8243;][insuranced_text]\n<div id=\"sb_instagram\"  class=\"sbi sbi_mob_col_1 sbi_tab_col_2 sbi_col_3 sbi_width_resp\" style=\"padding-bottom: 10px;\"\t data-feedid=\"*1\"  data-res=\"auto\" data-cols=\"3\" data-colsmobile=\"1\" data-colstablet=\"2\" data-num=\"9\" data-nummobile=\"3\" data-item-padding=\"5\"\t data-shortcode-atts=\"{&quot;feed&quot;:&quot;1&quot;}\"  data-postid=\"528\" data-locatornonce=\"8b801f9948\" data-imageaspectratio=\"1:1\" data-sbi-flags=\"favorLocal\">\n\t\n\t<div id=\"sbi_images\"  style=\"gap: 10px;\">\n\t\t\t<\/div>\n\n\t<div id=\"sbi_load\" >\n\n\t\n\t\t\t<span class=\"sbi_follow_btn sbi_custom\" >\n\t\t\t<a target=\"_blank\"\n\t\t\t\trel=\"nofollow noopener\"  href=\"https:\/\/www.instagram.com\/17841407852974953\/\" style=\"background: rgb(64,139,209);\">\n\t\t\t\t<svg class=\"svg-inline--fa fa-instagram fa-w-14\" aria-hidden=\"true\" data-fa-processed=\"\" aria-label=\"Instagram\" data-prefix=\"fab\" data-icon=\"instagram\" role=\"img\" viewBox=\"0 0 448 512\">\n                    <path fill=\"currentColor\" d=\"M224.1 141c-63.6 0-114.9 51.3-114.9 114.9s51.3 114.9 114.9 114.9S339 319.5 339 255.9 287.7 141 224.1 141zm0 189.6c-41.1 0-74.7-33.5-74.7-74.7s33.5-74.7 74.7-74.7 74.7 33.5 74.7 74.7-33.6 74.7-74.7 74.7zm146.4-194.3c0 14.9-12 26.8-26.8 26.8-14.9 0-26.8-12-26.8-26.8s12-26.8 26.8-26.8 26.8 12 26.8 26.8zm76.1 27.2c-1.7-35.9-9.9-67.7-36.2-93.9-26.2-26.2-58-34.4-93.9-36.2-37-2.1-147.9-2.1-184.9 0-35.8 1.7-67.6 9.9-93.9 36.1s-34.4 58-36.2 93.9c-2.1 37-2.1 147.9 0 184.9 1.7 35.9 9.9 67.7 36.2 93.9s58 34.4 93.9 36.2c37 2.1 147.9 2.1 184.9 0 35.9-1.7 67.7-9.9 93.9-36.2 26.2-26.2 34.4-58 36.2-93.9 2.1-37 2.1-147.8 0-184.8zM398.8 388c-7.8 19.6-22.9 34.7-42.6 42.6-29.5 11.7-99.5 9-132.1 9s-102.7 2.6-132.1-9c-19.6-7.8-34.7-22.9-42.6-42.6-11.7-29.5-9-99.5-9-132.1s-2.6-102.7 9-132.1c7.8-19.6 22.9-34.7 42.6-42.6 29.5-11.7 99.5-9 132.1-9s102.7-2.6 132.1 9c19.6 7.8 34.7 22.9 42.6 42.6 11.7 29.5 9 99.5 9 132.1s2.7 102.7-9 132.1z\"><\/path>\n                <\/svg>\t\t\t\t<span>Seguir no Instagram<\/span>\n\t\t\t<\/a>\n\t\t<\/span>\n\t\n<\/div>\n\t\t<span class=\"sbi_resized_image_data\" data-feed-id=\"*1\"\n\t\t  data-resized=\"[]\">\n\t<\/span>\n\t<\/div>\n\n[\/insuranced_text][\/vc_column_inner][vc_column_inner width=&#8221;1\/2&#8243;][\/vc_column_inner][\/vc_row_inner][vc_empty_space][\/vc_column][\/vc_row][vc_row full_width=&#8221;stretch_row_content_no_spaces&#8221;][vc_column 0=&#8221;&#8221;][insuranced_map latitude=&#8221;-22.9076172&#8243; longitude=&#8221;-43.1759265&#8243; zoom=&#8221;15&#8243;][\/vc_column][\/vc_row]<\/p>\n<\/div>","protected":false},"excerpt":{"rendered":"<p>[vc_row full_width=&#8221;stretch_row_content_no_spaces&#8221;][vc_column][\/vc_column][\/vc_row][vc_row full_width=&#8221;stretch_row_content_no_spaces&#8221; full_height=&#8221;yes&#8221; disable_element=&#8221;yes&#8221; css=&#8221;.vc_custom_1552583324503{padding-top: 110px !important;padding-right: 110px !important;padding-bottom: 110px !important;padding-left: 110px !important;background-image: url(https:\/\/fatuscorretora.com.br\/site\/wp-content\/uploads\/2018\/01\/222.jpg?id=1300) !important;background-position: center !important;background-repeat: no-repeat !important;background-size: cover !important;}&#8221;][vc_column width=&#8221;2\/3&#8243; css=&#8221;.vc_custom_1517410501665{padding-left: 100px !important;}&#8221; offset=&#8221;vc_hidden-xs&#8221;][insuranced_icon_text style=&#8221;style4&#8243; css=&#8221;.vc_custom_1543340463484{margin-top: -70px !important;margin-right: 20% !important;margin-bottom: -30px !important;margin-left: 10px !important;padding-right: 10% !important;padding-bottom: 70px !important;padding-left: 50px !important;background-color: rgba(11,107,191,0.59) !important;*background-color: rgb(11,107,191) !important;}&#8221; icon_color=&#8221;#ffffff&#8221; button=&#8221;url:https%3A%2F%2Fwwws.portoseguro.com.br%2Fvendaonline%2Fviagem%2Fhome.ns%3Fcod%3Dcca5afc0e0694884be84b4909e87c32b%26utm_source%3D23839J%26utm_medium%3DgeradorLinks%26utm_campaign%3DGeradordeLinks_EX67YJ%26utm_content%3DFATUS_CORRETORA|title:Cota%C3%A7%C3%A3o%20Online|target:%20_blank|&#8221;] Seguro Viagem, Fa\u00e7a uma cota\u00e7\u00e3o! [\/insuranced_icon_text][\/vc_column][vc_column [&hellip;]<\/p>\n","protected":false},"author":1,"featured_media":0,"parent":0,"menu_order":0,"comment_status":"closed","ping_status":"closed","template":"","meta":{"_exactmetrics_skip_tracking":false,"_exactmetrics_sitenote_active":false,"_exactmetrics_sitenote_note":"","_exactmetrics_sitenote_category":0,"footnotes":""},"class_list":["post-528","page","type-page","status-publish","hentry"],"_links":{"self":[{"href":"https:\/\/fatuscorretora.com.br\/site\/wp-json\/wp\/v2\/pages\/528","targetHints":{"allow":["GET"]}}],"collection":[{"href":"https:\/\/fatuscorretora.com.br\/site\/wp-json\/wp\/v2\/pages"}],"about":[{"href":"https:\/\/fatuscorretora.com.br\/site\/wp-json\/wp\/v2\/types\/page"}],"author":[{"embeddable":true,"href":"https:\/\/fatuscorretora.com.br\/site\/wp-json\/wp\/v2\/users\/1"}],"replies":[{"embeddable":true,"href":"https:\/\/fatuscorretora.com.br\/site\/wp-json\/wp\/v2\/comments?post=528"}],"version-history":[{"count":114,"href":"https:\/\/fatuscorretora.com.br\/site\/wp-json\/wp\/v2\/pages\/528\/revisions"}],"predecessor-version":[{"id":5516,"href":"https:\/\/fatuscorretora.com.br\/site\/wp-json\/wp\/v2\/pages\/528\/revisions\/5516"}],"wp:attachment":[{"href":"https:\/\/fatuscorretora.com.br\/site\/wp-json\/wp\/v2\/media?parent=528"}],"curies":[{"name":"wp","href":"https:\/\/api.w.org\/{rel}","templated":true}]}}