{"id":762,"date":"2018-01-17T13:16:16","date_gmt":"2018-01-17T16:16:16","guid":{"rendered":"http:\/\/fatuscorretora.com.br\/homolog\/?page_id=762"},"modified":"2018-02-21T12:02:40","modified_gmt":"2018-02-21T15:02:40","slug":"seguro-de-vida","status":"publish","type":"page","link":"https:\/\/fatuscorretora.com.br\/site\/produtos\/pra-voce\/seguro-de-vida\/","title":{"rendered":"Seguro de Vida"},"content":{"rendered":"<div class=\"wpb-content-wrapper\"><p>[vc_row full_width=&#8221;stretch_row_content_no_spaces&#8221; el_class=&#8221;imgSeguro&#8221; css=&#8221;.vc_custom_1518967526163{margin-bottom: 130px !important;}&#8221;][vc_column css=&#8221;.vc_custom_1518967507268{padding-bottom: -70px !important;}&#8221; offset=&#8221;vc_hidden-xs&#8221;][vc_single_image image=&#8221;1423&#8243; img_size=&#8221;full&#8221;][\/vc_column][\/vc_row][vc_row full_width=&#8221;stretch_row_content_no_spaces&#8221; el_class=&#8221;imgSeguro&#8221; css=&#8221;.vc_custom_1518967519489{margin-bottom: 10px !important;}&#8221;][vc_column css=&#8221;.vc_custom_1518967513988{padding-bottom: -70px !important;}&#8221; offset=&#8221;vc_hidden-lg vc_hidden-md vc_hidden-sm&#8221;][vc_single_image image=&#8221;1423&#8243; img_size=&#8221;full&#8221;][\/vc_column][\/vc_row][vc_row css=&#8221;.vc_custom_1515939260233{margin-bottom: 70px !important;}&#8221;][vc_column][insuranced_title title=&#8221;Seguro de Vida&#8221;][vc_row_inner css=&#8221;.vc_custom_1515979884570{margin-top: 30px !important;padding-right: 100px !important;padding-left: 100px !important;}&#8221;][vc_column_inner width=&#8221;1\/2&#8243; offset=&#8221;vc_hidden-xs&#8221;][insuranced_text_block]<\/p>\n<p style=\"color: #6d96c2;\"><strong>O QUE \u00c9 UM SEGURO DE VIDA?<\/strong><\/p>\n<p>O seguro de vida \u00e9 feito para proteger o bem mais importante que voc\u00ea tem: a sua vida e a da sua fam\u00edlia. Ele \u00e9 um produto feito para prevenir imprevistos, garantindo que, al\u00e9m de voc\u00ea, quem voc\u00ea ama n\u00e3o fique sem prote\u00e7\u00e3o, permitindo assim mais conforto e paz durante sua vida.<\/p>\n<p>Escolha a melhor cobertura para proteger e proporcionar tranq\u00fcilidade para voc\u00ea e sua fam\u00edlia. Confira abaixo algumas coberturas para adquirir:[\/insuranced_text_block][insuranced_text_block]<\/p>\n<p style=\"color: #6d96c2;\"><strong>COBERTURAS B\u00c1SICAS<\/strong><\/p>\n<p><strong>Morte Natural ou Morte Acidental.<\/strong>[\/insuranced_text_block][\/vc_column_inner][vc_column_inner width=&#8221;1\/2&#8243; offset=&#8221;vc_hidden-xs&#8221;][insuranced_text_block]<\/p>\n<p style=\"color: #6d96c2;\"><strong>COBERTURAS<\/strong><\/p>\n<p><strong>Morte Acidental em Dobro;<br \/>\nAntecipa\u00e7\u00e3o Especial por Doen\u00e7a;<br \/>\nInvalidez Permanente Total ou Parcial por Acidente;<br \/>\nMajora\u00e7\u00e3o \u2013 dispon\u00edvel para m\u00e9dicos, dentistas e veterin\u00e1rios;<br \/>\nDi\u00e1ria por Incapacidade Tempor\u00e1ria (DIT);<br \/>\nDoen\u00e7as Graves;<br \/>\nDoen\u00e7as Graves Mais;<br \/>\nDespesas M\u00e9dico-Hospitalares e Odontol\u00f3gicas;<br \/>\nAssist\u00eancia Funeral Individual ou Familiar.<br \/>\n<\/strong>[\/insuranced_text_block][\/vc_column_inner][\/vc_row_inner][vc_row_inner css=&#8221;.vc_custom_1518967571276{margin-top: 0px !important;padding-right: 10px !important;padding-left: 10px !important;}&#8221;][vc_column_inner width=&#8221;1\/2&#8243; offset=&#8221;vc_hidden-lg vc_hidden-md vc_hidden-sm&#8221;][insuranced_text_block]<\/p>\n<p style=\"color: #6d96c2;\"><strong>O QUE \u00c9 UM SEGURO DE VIDA?<\/strong><\/p>\n<p>O seguro de vida \u00e9 feito para proteger a coisa mais importante que voc\u00ea tem: a sua vida e a da sua fam\u00edlia. Ele \u00e9 um produto feito para prevenir imprevistos, garantindo que, al\u00e9m de voc\u00ea, quem voc\u00ea ama n\u00e3o fique sem prote\u00e7\u00e3o, permitindo assim mais conforto e paz durante sua vida.<\/p>\n<p>Escolha a melhor cobertura para proteger e proporcionar tranq\u00fcilidade para voc\u00ea e sua fam\u00edlia. Confira abaixo algumas coberturas para adquirir:[\/insuranced_text_block][insuranced_text_block]<\/p>\n<p style=\"color: #6d96c2;\"><strong>COBERTURAS B\u00c1SICAS<\/strong><\/p>\n<p>Morte Natural ou Morte Acidental[\/insuranced_text_block][\/vc_column_inner][vc_column_inner width=&#8221;1\/2&#8243; offset=&#8221;vc_hidden-lg vc_hidden-md vc_hidden-sm&#8221;][insuranced_text_block]<\/p>\n<p style=\"color: #6d96c2;\"><strong>COBERTURAS<\/strong><\/p>\n<p><strong>Morte Acidental em Dobro;<br \/>\nAntecipa\u00e7\u00e3o Especial por Doen\u00e7a;<br \/>\nInvalidez Permanente Total ou Parcial por Acidente;<br \/>\nMajora\u00e7\u00e3o \u2013 dispon\u00edvel para m\u00e9dicos, dentistas e veterin\u00e1rios;<br \/>\nDi\u00e1ria por Incapacidade Tempor\u00e1ria (DIT);<br \/>\nDoen\u00e7as Graves;<br \/>\nDoen\u00e7as Graves Mais;<br \/>\nDespesas M\u00e9dico-Hospitalares e Odontol\u00f3gicas;<br \/>\nAssist\u00eancia Funeral Individual ou Familiar.<br \/>\n<\/strong>[\/insuranced_text_block][\/vc_column_inner][\/vc_row_inner][\/vc_column][\/vc_row][vc_row][vc_column offset=&#8221;vc_hidden-xs&#8221;][insuranced_contact_form_tabs2 items=&#8221;%5B%7B%22tabtitle%22%3A%22Cote%20agora%22%2C%22form%22%3A%221110%22%2C%22image%22%3A%221272%22%7D%5D&#8221;][\/vc_column][\/vc_row]<\/p>\n<\/div>","protected":false},"excerpt":{"rendered":"<p>[vc_row full_width=&#8221;stretch_row_content_no_spaces&#8221; el_class=&#8221;imgSeguro&#8221; css=&#8221;.vc_custom_1518967526163{margin-bottom: 130px !important;}&#8221;][vc_column css=&#8221;.vc_custom_1518967507268{padding-bottom: -70px !important;}&#8221; offset=&#8221;vc_hidden-xs&#8221;][vc_single_image image=&#8221;1423&#8243; img_size=&#8221;full&#8221;][\/vc_column][\/vc_row][vc_row full_width=&#8221;stretch_row_content_no_spaces&#8221; el_class=&#8221;imgSeguro&#8221; css=&#8221;.vc_custom_1518967519489{margin-bottom: 10px !important;}&#8221;][vc_column css=&#8221;.vc_custom_1518967513988{padding-bottom: -70px !important;}&#8221; offset=&#8221;vc_hidden-lg vc_hidden-md vc_hidden-sm&#8221;][vc_single_image image=&#8221;1423&#8243; img_size=&#8221;full&#8221;][\/vc_column][\/vc_row][vc_row css=&#8221;.vc_custom_1515939260233{margin-bottom: 70px !important;}&#8221;][vc_column][insuranced_title title=&#8221;Seguro de Vida&#8221;][vc_row_inner css=&#8221;.vc_custom_1515979884570{margin-top: 30px !important;padding-right: 100px !important;padding-left: 100px !important;}&#8221;][vc_column_inner width=&#8221;1\/2&#8243; offset=&#8221;vc_hidden-xs&#8221;][insuranced_text_block] O QUE \u00c9 UM SEGURO DE VIDA? O seguro de vida \u00e9 feito para proteger [&hellip;]<\/p>\n","protected":false},"author":1,"featured_media":0,"parent":660,"menu_order":0,"comment_status":"closed","ping_status":"closed","template":"","meta":{"_exactmetrics_skip_tracking":false,"_exactmetrics_sitenote_active":false,"_exactmetrics_sitenote_note":"","_exactmetrics_sitenote_category":0,"footnotes":""},"class_list":["post-762","page","type-page","status-publish","hentry"],"_links":{"self":[{"href":"https:\/\/fatuscorretora.com.br\/site\/wp-json\/wp\/v2\/pages\/762","targetHints":{"allow":["GET"]}}],"collection":[{"href":"https:\/\/fatuscorretora.com.br\/site\/wp-json\/wp\/v2\/pages"}],"about":[{"href":"https:\/\/fatuscorretora.com.br\/site\/wp-json\/wp\/v2\/types\/page"}],"author":[{"embeddable":true,"href":"https:\/\/fatuscorretora.com.br\/site\/wp-json\/wp\/v2\/users\/1"}],"replies":[{"embeddable":true,"href":"https:\/\/fatuscorretora.com.br\/site\/wp-json\/wp\/v2\/comments?post=762"}],"version-history":[{"count":23,"href":"https:\/\/fatuscorretora.com.br\/site\/wp-json\/wp\/v2\/pages\/762\/revisions"}],"predecessor-version":[{"id":1516,"href":"https:\/\/fatuscorretora.com.br\/site\/wp-json\/wp\/v2\/pages\/762\/revisions\/1516"}],"up":[{"embeddable":true,"href":"https:\/\/fatuscorretora.com.br\/site\/wp-json\/wp\/v2\/pages\/660"}],"wp:attachment":[{"href":"https:\/\/fatuscorretora.com.br\/site\/wp-json\/wp\/v2\/media?parent=762"}],"curies":[{"name":"wp","href":"https:\/\/api.w.org\/{rel}","templated":true}]}}