{"id":773,"date":"2018-01-17T13:38:16","date_gmt":"2018-01-17T16:38:16","guid":{"rendered":"http:\/\/fatuscorretora.com.br\/homolog\/?page_id=773"},"modified":"2018-09-21T16:33:46","modified_gmt":"2018-09-21T19:33:46","slug":"seguro-aluguel","status":"publish","type":"page","link":"https:\/\/fatuscorretora.com.br\/site\/produtos\/pra-voce\/seguro-aluguel\/","title":{"rendered":"Seguro Aluguel"},"content":{"rendered":"<div class=\"wpb-content-wrapper\"><p>[vc_row full_width=&#8221;stretch_row_content_no_spaces&#8221; el_class=&#8221;imgSeguro&#8221; css=&#8221;.vc_custom_1521428175415{margin-bottom: 130px !important;}&#8221;][vc_column offset=&#8221;vc_hidden-xs&#8221;][vc_single_image image=&#8221;1459&#8243; img_size=&#8221;full&#8221; css=&#8221;.vc_custom_1517936766258{margin-right: -50px !important;}&#8221;][\/vc_column][\/vc_row][vc_row full_width=&#8221;stretch_row_content_no_spaces&#8221; el_class=&#8221;imgSeguro&#8221; css=&#8221;.vc_custom_1518965213674{margin-bottom: 10px !important;}&#8221;][vc_column offset=&#8221;vc_hidden-lg vc_hidden-md vc_hidden-sm&#8221;][vc_single_image image=&#8221;1459&#8243; img_size=&#8221;full&#8221; css=&#8221;.vc_custom_1518965167648{margin-top: 90px !important;margin-right: -50px !important;}&#8221;][\/vc_column][\/vc_row][vc_row css=&#8221;.vc_custom_1515939260233{margin-bottom: 70px !important;}&#8221;][vc_column][insuranced_title title=&#8221;Seguro Aluguel&#8221;][vc_row_inner css=&#8221;.vc_custom_1515979884570{margin-top: 30px !important;padding-right: 100px !important;padding-left: 100px !important;}&#8221;][vc_column_inner width=&#8221;1\/2&#8243; offset=&#8221;vc_hidden-xs&#8221;][insuranced_text_block]<\/p>\n<p style=\"color: #6d96c2;\"><strong>O QUE \u00c9 UM SEGURO ALUGUEL?<\/strong><\/p>\n<p>O seguro aluguel nada mais \u00e9 que um seguro locat\u00edcio, ou seja, se voc\u00ea quer alugar um im\u00f3vel e est\u00e1 precisando substituir o tradicional fiador ou a cau\u00e7\u00e3o, esse servi\u00e7o \u00e9 feito para voc\u00ea. Al\u00e9m de dispensar o fiador, conta com uma s\u00e9rie de vantagens e benef\u00edcios que voc\u00ea pode contratar opcionalmente e que v\u00e3o desde pequenos reparos no im\u00f3vel at\u00e9 pintura.<\/p>\n<p>[\/insuranced_text_block][\/vc_column_inner][vc_column_inner width=&#8221;1\/2&#8243; offset=&#8221;vc_hidden-xs&#8221;][insuranced_text_block]<\/p>\n<p style=\"color: #6d96c2;\"><strong>COBERTURAS B\u00c1SICAS<\/strong><\/p>\n<p><strong>GARANTIA DO PAGAMENTO DO ALUGUEL E DE MULTA MORAT\u00d3RIA.<\/strong><br \/>\nAt\u00e9 30 vezes o valor do aluguel.[\/insuranced_text_block][\/vc_column_inner][\/vc_row_inner][vc_row_inner css=&#8221;.vc_custom_1518965238975{margin-top: 0px !important;padding-right: 10px !important;padding-left: 10px !important;}&#8221;][vc_column_inner width=&#8221;1\/2&#8243; offset=&#8221;vc_hidden-lg vc_hidden-md vc_hidden-sm&#8221;][insuranced_text_block]<\/p>\n<p style=\"color: #6d96c2;\"><strong>O QUE \u00c9 UM SEGURO ALUGUEL?<\/strong><\/p>\n<p>O seguro aluguel nada mais \u00e9 que um seguro locat\u00edcio, ou seja, se voc\u00ea quer alugar um im\u00f3vel e est\u00e1 precisando substituir o tradicional fiador ou a cau\u00e7\u00e3o, esse servi\u00e7o \u00e9 feito para voc\u00ea. Al\u00e9m de dispensar o fiador, conta com uma s\u00e9rie de vantagens e benef\u00edcios que voc\u00ea pode contratar opcionalmente e que v\u00e3o desde pequenos reparos no im\u00f3vel at\u00e9 pintura.<\/p>\n<p>[\/insuranced_text_block][\/vc_column_inner][vc_column_inner width=&#8221;1\/2&#8243; offset=&#8221;vc_hidden-lg vc_hidden-md vc_hidden-sm&#8221;][insuranced_text_block]<\/p>\n<p style=\"color: #6d96c2;\"><strong>COBERTURAS B\u00c1SICAS<\/strong><\/p>\n<p><strong>GARANTIA DO PAGAMENTO DO ALUGUEL E DE MULTA MORAT\u00d3RIA.<\/strong><br \/>\nAt\u00e9 30 vezes o valor do aluguel.[\/insuranced_text_block][\/vc_column_inner][\/vc_row_inner][vc_row_inner css=&#8221;.vc_custom_1515979893159{margin-top: 30px !important;padding-right: 100px !important;padding-left: 100px !important;}&#8221;][vc_column_inner width=&#8221;1\/2&#8243; offset=&#8221;vc_hidden-xs&#8221;][insuranced_text_block]<\/p>\n<p style=\"color: #6d96c2;\"><strong>COBERTURAS OPCIONAIS<\/strong><\/p>\n<p><strong>CONDOM\u00cdNIO <\/strong><br \/>\nAt\u00e9 30 vezes a verba declarada na ap\u00f3lice.<\/p>\n<p><strong>IPTU<\/strong><br \/>\nAt\u00e9 30 vezes a verba declarada na ap\u00f3lice.<\/p>\n<p><strong>CONTA DE \u00c1GUA <\/strong><br \/>\nAt\u00e9 6 vezes o valor declarado na ap\u00f3lice.<\/p>\n<p><strong>CONTA DE LUZ <\/strong><br \/>\nAt\u00e9 6 vezes o valor declarado na ap\u00f3lice.[\/insuranced_text_block][insuranced_button align=&#8221;left&#8221; button=&#8221;url:http%3A%2F%2Ffatuscorretora.com.br%2Fsite%2Fcotacao-com-corretor%2F|title:Cota%C3%A7%C3%A3o%20com%20a%20Fatus||&#8221; color=&#8221;#ffffff&#8221; bgcolor=&#8221;#4486bf&#8221; css=&#8221;.vc_custom_1537558142955{margin-top: 35px !important;}&#8221;][\/vc_column_inner][vc_column_inner width=&#8221;1\/2&#8243; offset=&#8221;vc_hidden-xs&#8221;][insuranced_text_block]<\/p>\n<p style=\"color: #6d96c2;\"><strong>COBERTURAS OPCIONAIS<\/strong><\/p>\n<p><strong>CONTA DE G\u00c1S CANALIZADO <\/strong><br \/>\nAt\u00e9 6 vezes o valor declarado na ap\u00f3lice.<\/p>\n<p><strong>DANOS AO IM\u00d3VEL <\/strong><br \/>\nAt\u00e9 6 vezes o valor do aluguel.<\/p>\n<p><strong>PINTURAS INTERNA E EXTERNA <\/strong><br \/>\nAt\u00e9 3 vezes o valor do aluguel.<\/p>\n<p><strong>MULTA POR RESCIS\u00c3O<\/strong><br \/>\nAt\u00e9 3 vezes o valor do aluguel.[\/insuranced_text_block][\/vc_column_inner][\/vc_row_inner][vc_row_inner css=&#8221;.vc_custom_1517405811793{margin-top: 30px !important;padding-right: 10px !important;padding-left: 10px !important;}&#8221;][vc_column_inner width=&#8221;1\/2&#8243; offset=&#8221;vc_hidden-lg vc_hidden-md vc_hidden-sm&#8221;][insuranced_text_block]<\/p>\n<p style=\"color: #6d96c2;\"><strong>COBERTURAS OPCIONAIS<\/strong><\/p>\n<p><strong>CONDOM\u00cdNIO <\/strong><br \/>\nAt\u00e9 30 vezes a verba declarada na ap\u00f3lice.<\/p>\n<p><strong>IPTU<\/strong><br \/>\nAt\u00e9 30 vezes a verba declarada na ap\u00f3lice.<\/p>\n<p><strong>CONTA DE \u00c1GUA <\/strong><br \/>\nAt\u00e9 6 vezes o valor declarado na ap\u00f3lice.<\/p>\n<p><strong>CONTA DE LUZ <\/strong><br \/>\nAt\u00e9 6 vezes o valor declarado na ap\u00f3lice.[\/insuranced_text_block][\/vc_column_inner][vc_column_inner width=&#8221;1\/2&#8243; offset=&#8221;vc_hidden-lg vc_hidden-md vc_hidden-sm&#8221;][insuranced_text_block]<\/p>\n<p style=\"color: #6d96c2;\"><strong>COBERTURAS OPCIONAIS<\/strong><\/p>\n<p><strong>CONTA DE G\u00c1S CANALIZADO <\/strong><br \/>\nAt\u00e9 6 vezes o valor declarado na ap\u00f3lice.<\/p>\n<p><strong>DANOS AO IM\u00d3VEL <\/strong><br \/>\nAt\u00e9 6 vezes o valor do aluguel.<\/p>\n<p><strong>PINTURAS INTERNA E EXTERNA <\/strong><br \/>\nAt\u00e9 3 vezes o valor do aluguel.<\/p>\n<p><strong>MULTA POR RESCIS\u00c3O<\/strong><br \/>\nAt\u00e9 3 vezes o valor do aluguel.[\/insuranced_text_block][insuranced_button align=&#8221;left&#8221; button=&#8221;url:http%3A%2F%2Ffatuscorretora.com.br%2Fsite%2Fcotacao-com-corretor%2F|title:Cota%C3%A7%C3%A3o%20com%20a%20Fatus||&#8221; color=&#8221;#ffffff&#8221; bgcolor=&#8221;#4486bf&#8221; css=&#8221;.vc_custom_1537558153239{margin-top: 35px !important;}&#8221;][\/vc_column_inner][\/vc_row_inner][\/vc_column][\/vc_row]<\/p>\n<\/div>","protected":false},"excerpt":{"rendered":"<p>[vc_row full_width=&#8221;stretch_row_content_no_spaces&#8221; el_class=&#8221;imgSeguro&#8221; css=&#8221;.vc_custom_1521428175415{margin-bottom: 130px !important;}&#8221;][vc_column offset=&#8221;vc_hidden-xs&#8221;][vc_single_image image=&#8221;1459&#8243; img_size=&#8221;full&#8221; css=&#8221;.vc_custom_1517936766258{margin-right: -50px !important;}&#8221;][\/vc_column][\/vc_row][vc_row full_width=&#8221;stretch_row_content_no_spaces&#8221; el_class=&#8221;imgSeguro&#8221; css=&#8221;.vc_custom_1518965213674{margin-bottom: 10px !important;}&#8221;][vc_column offset=&#8221;vc_hidden-lg vc_hidden-md vc_hidden-sm&#8221;][vc_single_image image=&#8221;1459&#8243; img_size=&#8221;full&#8221; css=&#8221;.vc_custom_1518965167648{margin-top: 90px !important;margin-right: -50px !important;}&#8221;][\/vc_column][\/vc_row][vc_row css=&#8221;.vc_custom_1515939260233{margin-bottom: 70px !important;}&#8221;][vc_column][insuranced_title title=&#8221;Seguro Aluguel&#8221;][vc_row_inner css=&#8221;.vc_custom_1515979884570{margin-top: 30px !important;padding-right: 100px !important;padding-left: 100px !important;}&#8221;][vc_column_inner width=&#8221;1\/2&#8243; offset=&#8221;vc_hidden-xs&#8221;][insuranced_text_block] O QUE \u00c9 UM SEGURO ALUGUEL? O seguro aluguel nada mais \u00e9 que um [&hellip;]<\/p>\n","protected":false},"author":1,"featured_media":0,"parent":660,"menu_order":0,"comment_status":"closed","ping_status":"closed","template":"","meta":{"_exactmetrics_skip_tracking":false,"_exactmetrics_sitenote_active":false,"_exactmetrics_sitenote_note":"","_exactmetrics_sitenote_category":0,"footnotes":""},"class_list":["post-773","page","type-page","status-publish","hentry"],"_links":{"self":[{"href":"https:\/\/fatuscorretora.com.br\/site\/wp-json\/wp\/v2\/pages\/773","targetHints":{"allow":["GET"]}}],"collection":[{"href":"https:\/\/fatuscorretora.com.br\/site\/wp-json\/wp\/v2\/pages"}],"about":[{"href":"https:\/\/fatuscorretora.com.br\/site\/wp-json\/wp\/v2\/types\/page"}],"author":[{"embeddable":true,"href":"https:\/\/fatuscorretora.com.br\/site\/wp-json\/wp\/v2\/users\/1"}],"replies":[{"embeddable":true,"href":"https:\/\/fatuscorretora.com.br\/site\/wp-json\/wp\/v2\/comments?post=773"}],"version-history":[{"count":18,"href":"https:\/\/fatuscorretora.com.br\/site\/wp-json\/wp\/v2\/pages\/773\/revisions"}],"predecessor-version":[{"id":1930,"href":"https:\/\/fatuscorretora.com.br\/site\/wp-json\/wp\/v2\/pages\/773\/revisions\/1930"}],"up":[{"embeddable":true,"href":"https:\/\/fatuscorretora.com.br\/site\/wp-json\/wp\/v2\/pages\/660"}],"wp:attachment":[{"href":"https:\/\/fatuscorretora.com.br\/site\/wp-json\/wp\/v2\/media?parent=773"}],"curies":[{"name":"wp","href":"https:\/\/api.w.org\/{rel}","templated":true}]}}