{"id":811,"date":"2018-01-17T15:33:38","date_gmt":"2018-01-17T18:33:38","guid":{"rendered":"http:\/\/fatuscorretora.com.br\/homolog\/?page_id=811"},"modified":"2018-09-21T16:33:22","modified_gmt":"2018-09-21T19:33:22","slug":"seguro-pet","status":"publish","type":"page","link":"https:\/\/fatuscorretora.com.br\/site\/produtos\/pra-voce\/seguro-pet\/","title":{"rendered":"Seguro Pet"},"content":{"rendered":"<div class=\"wpb-content-wrapper\"><p>[vc_row full_width=&#8221;stretch_row_content_no_spaces&#8221; el_class=&#8221;imgSeguro&#8221; css=&#8221;.vc_custom_1518967915585{margin-bottom: 130px !important;}&#8221;][vc_column css=&#8221;.vc_custom_1518967840801{padding-bottom: -70px !important;}&#8221; offset=&#8221;vc_hidden-xs&#8221;][vc_single_image image=&#8221;1466&#8243; img_size=&#8221;full&#8221;][\/vc_column][\/vc_row][vc_row full_width=&#8221;stretch_row_content_no_spaces&#8221; el_class=&#8221;imgSeguro&#8221; css=&#8221;.vc_custom_1518967920404{margin-bottom: 10px !important;}&#8221;][vc_column css=&#8221;.vc_custom_1518967847520{padding-bottom: -70px !important;}&#8221; offset=&#8221;vc_hidden-lg vc_hidden-md vc_hidden-sm&#8221;][vc_single_image image=&#8221;1466&#8243; img_size=&#8221;full&#8221;][\/vc_column][\/vc_row][vc_row css=&#8221;.vc_custom_1515939260233{margin-bottom: 70px !important;}&#8221;][vc_column 0=&#8221;&#8221;][insuranced_title title=&#8221;Seguro Pet&#8221;][vc_row_inner css=&#8221;.vc_custom_1515979884570{margin-top: 30px !important;padding-right: 100px !important;padding-left: 100px !important;}&#8221;][vc_column_inner width=&#8221;1\/2&#8243; offset=&#8221;vc_hidden-xs&#8221;][insuranced_text_block 0=&#8221;&#8221;]<\/p>\n<p style=\"color: #6d96c2;\"><strong>O QUE \u00c9 UM SEGURO PET?<\/strong><\/p>\n<p>O seguro Heath for Pet \u00e9 um servi\u00e7o voltado exclusivamente para o seu cachorro e o seu gato.<\/p>\n<p>Ter um seguro para o seu PET \u00e9 assegurar que ele tamb\u00e9m fique protegido, afinal, ele \u00e9 o seu melhor amigo e precisa de todo o conforto poss\u00edvel, desde exames, UTIs e veterin\u00e1rios.<br \/>\nConhe\u00e7a aqui todas as coberturas que esse seguro oferece e entre em contato conosco para conhecer melhor todos os planos:[\/insuranced_text_block][vc_empty_space 0=&#8221;&#8221;][vc_single_image image=&#8221;860&#8243; img_size=&#8221;medium&#8221; alignment=&#8221;center&#8221;][insuranced_button align=&#8221;left&#8221; button=&#8221;url:http%3A%2F%2Ffatuscorretora.com.br%2Fsite%2Fcotacao-com-corretor%2F|title:Cota%C3%A7%C3%A3o%20com%20a%20Fatus||&#8221; color=&#8221;#ffffff&#8221; bgcolor=&#8221;#4486bf&#8221; css=&#8221;.vc_custom_1537558117358{margin-top: 55px !important;}&#8221;][\/vc_column_inner][vc_column_inner width=&#8221;1\/2&#8243; offset=&#8221;vc_hidden-xs&#8221;][insuranced_text_block 0=&#8221;&#8221;]<\/p>\n<p style=\"color: #6d96c2;\"><strong>COBERTURAS<\/strong><\/p>\n<p><strong>Urg\u00eancia e emerg\u00eancia (48h ap\u00f3s chipagem);<br \/>\nAtendimento Ambulatorial (Car\u00eancia de 30 dias);<br \/>\nVacinas (Car\u00eancia de 180 dias);<br \/>\nImplanta\u00e7\u00e3o do Microchip;<br \/>\nPetHome \u2013 atendimento domiciliar (Car\u00eancia de 30 dias);<br \/>\nPetPhone \u2013 teleatendimento com veterin\u00e1rios de plant\u00e3o 24h;<br \/>\nPetNutri;<br \/>\nPassaporte eletr\u00f4nico;<br \/>\nExames laboratoriais (Car\u00eancia de 30 dias);<br \/>\nConsulta com especialistas (Car\u00eancia de 60 dias);<br \/>\nAtendimento Hospitalar (Car\u00eancia de 30 dias);<br \/>\nInterna\u00e7\u00e3o (Car\u00eancia de 60 dias);<br \/>\nCirurgia (Car\u00eancia de 60 dias);<br \/>\nExames por Imagem (Car\u00eancia de 60 dias);<br \/>\nCastra\u00e7\u00e3o (Car\u00eancia de 360 dias);<br \/>\nFarma4Pet;<br \/>\nReembolso &#8211; Livre escolha;<br \/>\nLimpeza de T\u00e1rtaro (Car\u00eancia de 360 dias);<br \/>\nConcierge.<\/strong>[\/insuranced_text_block][\/vc_column_inner][\/vc_row_inner][vc_row_inner css=&#8221;.vc_custom_1518968000502{margin-top: 0px !important;padding-right: 10px !important;padding-left: 10px !important;}&#8221;][vc_column_inner width=&#8221;1\/2&#8243; offset=&#8221;vc_hidden-lg vc_hidden-md vc_hidden-sm&#8221;][insuranced_text_block 0=&#8221;&#8221;]<\/p>\n<p style=\"color: #6d96c2;\"><strong>O QUE \u00c9 UM SEGURO PET?<\/strong><\/p>\n<p>O seguro Heath for Pet \u00e9 um servi\u00e7o voltado exclusivamente para o seu cachorro e o seu gato.<\/p>\n<p>Ter um seguro para o seu PET \u00e9 assegurar que ele tamb\u00e9m fique protegido, afinal, ele \u00e9 o seu melhor amigo e precisa de todo o conforto poss\u00edvel, desde exames, UTIs e veterin\u00e1rios.<br \/>\nConhe\u00e7a aqui todas as coberturas que esse seguro oferece e entre em contato conosco para conhecer melhor todos os planos:[\/insuranced_text_block][vc_empty_space 0=&#8221;&#8221;][vc_single_image image=&#8221;860&#8243; img_size=&#8221;medium&#8221; alignment=&#8221;center&#8221;][\/vc_column_inner][vc_column_inner width=&#8221;1\/2&#8243; offset=&#8221;vc_hidden-lg vc_hidden-md vc_hidden-sm&#8221;][insuranced_text_block 0=&#8221;&#8221;]<\/p>\n<p style=\"color: #6d96c2;\"><strong>COBERTURAS<\/strong><\/p>\n<p><strong>Urg\u00eancia e emerg\u00eancia (48h ap\u00f3s chipagem);<br \/>\nAtendimento Ambulatorial (Car\u00eancia de 30 dias);<br \/>\nVacinas (Car\u00eancia de 180 dias);<br \/>\nImplanta\u00e7\u00e3o do Microchip;<br \/>\nPetHome \u2013 atendimento domiciliar (Car\u00eancia de 30 dias);<br \/>\nPetPhone \u2013 teleatendimento com veterin\u00e1rios de plant\u00e3o 24h;<br \/>\nPetNutri;<br \/>\nPassaporte eletr\u00f4nico;<br \/>\nExames laboratoriais (Car\u00eancia de 30 dias);<br \/>\nConsulta com especialistas (Car\u00eancia de 60 dias);<br \/>\nAtendimento Hospitalar (Car\u00eancia de 30 dias);<br \/>\nInterna\u00e7\u00e3o (Car\u00eancia de 60 dias);<br \/>\nCirurgia (Car\u00eancia de 60 dias);<br \/>\nExames por Imagem (Car\u00eancia de 60 dias);<br \/>\nCastra\u00e7\u00e3o (Car\u00eancia de 360 dias);<br \/>\nFarma4Pet;<br \/>\nReembolso &#8211; Livre escolha;<br \/>\nLimpeza de T\u00e1rtaro (Car\u00eancia de 360 dias);<br \/>\nConcierge.<\/strong>[\/insuranced_text_block][insuranced_button align=&#8221;left&#8221; button=&#8221;url:http%3A%2F%2Ffatuscorretora.com.br%2Fsite%2Fcotacao-com-corretor%2F|title:Cota%C3%A7%C3%A3o%20com%20a%20Fatus||&#8221; color=&#8221;#ffffff&#8221; bgcolor=&#8221;#4486bf&#8221; css=&#8221;.vc_custom_1537558128618{margin-top: 35px !important;}&#8221;][\/vc_column_inner][\/vc_row_inner][\/vc_column][\/vc_row]<\/p>\n<\/div>","protected":false},"excerpt":{"rendered":"<p>[vc_row full_width=&#8221;stretch_row_content_no_spaces&#8221; el_class=&#8221;imgSeguro&#8221; css=&#8221;.vc_custom_1518967915585{margin-bottom: 130px !important;}&#8221;][vc_column css=&#8221;.vc_custom_1518967840801{padding-bottom: -70px !important;}&#8221; offset=&#8221;vc_hidden-xs&#8221;][vc_single_image image=&#8221;1466&#8243; img_size=&#8221;full&#8221;][\/vc_column][\/vc_row][vc_row full_width=&#8221;stretch_row_content_no_spaces&#8221; el_class=&#8221;imgSeguro&#8221; css=&#8221;.vc_custom_1518967920404{margin-bottom: 10px !important;}&#8221;][vc_column css=&#8221;.vc_custom_1518967847520{padding-bottom: -70px !important;}&#8221; offset=&#8221;vc_hidden-lg vc_hidden-md vc_hidden-sm&#8221;][vc_single_image image=&#8221;1466&#8243; img_size=&#8221;full&#8221;][\/vc_column][\/vc_row][vc_row css=&#8221;.vc_custom_1515939260233{margin-bottom: 70px !important;}&#8221;][vc_column 0=&#8221;&#8221;][insuranced_title title=&#8221;Seguro Pet&#8221;][vc_row_inner css=&#8221;.vc_custom_1515979884570{margin-top: 30px !important;padding-right: 100px !important;padding-left: 100px !important;}&#8221;][vc_column_inner width=&#8221;1\/2&#8243; offset=&#8221;vc_hidden-xs&#8221;][insuranced_text_block 0=&#8221;&#8221;] O QUE \u00c9 UM SEGURO PET? O seguro Heath for Pet \u00e9 um servi\u00e7o [&hellip;]<\/p>\n","protected":false},"author":1,"featured_media":0,"parent":660,"menu_order":0,"comment_status":"closed","ping_status":"closed","template":"","meta":{"_exactmetrics_skip_tracking":false,"_exactmetrics_sitenote_active":false,"_exactmetrics_sitenote_note":"","_exactmetrics_sitenote_category":0,"footnotes":""},"class_list":["post-811","page","type-page","status-publish","hentry"],"_links":{"self":[{"href":"https:\/\/fatuscorretora.com.br\/site\/wp-json\/wp\/v2\/pages\/811","targetHints":{"allow":["GET"]}}],"collection":[{"href":"https:\/\/fatuscorretora.com.br\/site\/wp-json\/wp\/v2\/pages"}],"about":[{"href":"https:\/\/fatuscorretora.com.br\/site\/wp-json\/wp\/v2\/types\/page"}],"author":[{"embeddable":true,"href":"https:\/\/fatuscorretora.com.br\/site\/wp-json\/wp\/v2\/users\/1"}],"replies":[{"embeddable":true,"href":"https:\/\/fatuscorretora.com.br\/site\/wp-json\/wp\/v2\/comments?post=811"}],"version-history":[{"count":15,"href":"https:\/\/fatuscorretora.com.br\/site\/wp-json\/wp\/v2\/pages\/811\/revisions"}],"predecessor-version":[{"id":1929,"href":"https:\/\/fatuscorretora.com.br\/site\/wp-json\/wp\/v2\/pages\/811\/revisions\/1929"}],"up":[{"embeddable":true,"href":"https:\/\/fatuscorretora.com.br\/site\/wp-json\/wp\/v2\/pages\/660"}],"wp:attachment":[{"href":"https:\/\/fatuscorretora.com.br\/site\/wp-json\/wp\/v2\/media?parent=811"}],"curies":[{"name":"wp","href":"https:\/\/api.w.org\/{rel}","templated":true}]}}