{"id":946,"date":"2018-01-22T13:50:28","date_gmt":"2018-01-22T16:50:28","guid":{"rendered":"http:\/\/fatuscorretora.com.br\/homolog\/?page_id=946"},"modified":"2018-05-02T10:31:04","modified_gmt":"2018-05-02T13:31:04","slug":"seguro-portocap-aluguel","status":"publish","type":"page","link":"https:\/\/fatuscorretora.com.br\/site\/produtos\/pra-voce\/seguro-portocap-aluguel\/","title":{"rendered":"Seguro PortoCap Aluguel"},"content":{"rendered":"<div class=\"wpb-content-wrapper\"><p>[vc_row full_width=&#8221;stretch_row_content_no_spaces&#8221; el_class=&#8221;imgSeguro&#8221; css=&#8221;.vc_custom_1518968123002{margin-bottom: 130px !important;}&#8221;][vc_column css=&#8221;.vc_custom_1518968087778{padding-bottom: -70px !important;}&#8221; offset=&#8221;vc_hidden-xs&#8221;][vc_single_image image=&#8221;1467&#8243; img_size=&#8221;full&#8221;][\/vc_column][\/vc_row][vc_row full_width=&#8221;stretch_row_content_no_spaces&#8221; el_class=&#8221;imgSeguro&#8221; css=&#8221;.vc_custom_1518968135472{margin-bottom: 10px !important;}&#8221;][vc_column css=&#8221;.vc_custom_1518968094344{padding-bottom: -70px !important;}&#8221; offset=&#8221;vc_hidden-lg vc_hidden-md vc_hidden-sm&#8221;][vc_single_image image=&#8221;1467&#8243; img_size=&#8221;full&#8221;][\/vc_column][\/vc_row][vc_row css=&#8221;.vc_custom_1515939260233{margin-bottom: 70px !important;}&#8221;][vc_column 0=&#8221;&#8221;][insuranced_title title=&#8221;PortoCap Aluguel&#8221;][vc_row_inner css=&#8221;.vc_custom_1515979884570{margin-top: 30px !important;padding-right: 100px !important;padding-left: 100px !important;}&#8221;][vc_column_inner width=&#8221;1\/2&#8243; offset=&#8221;vc_hidden-xs&#8221;][insuranced_text_block 0=&#8221;&#8221;]<\/p>\n<p style=\"color: #6d96c2;\"><strong>O QUE \u00c9 UM SEGURO PORTOCAP ALUGUEL?<\/strong><\/p>\n<p>A Porto Seguro Capitaliza\u00e7\u00e3o oferece o PortoCap Aluguel, um t\u00edtulo de capitaliza\u00e7\u00e3o como alternativa na hora de alugar um im\u00f3vel comercial ou residencial, dispensando an\u00e1lise de cr\u00e9dito ou comprova\u00e7\u00e3o de renda. Assim, o inquilino n\u00e3o precisa de um fiador. A modalidade tamb\u00e9m \u00e9 vantajosa para o propriet\u00e1rio do im\u00f3vel e para a imobili\u00e1ria, que t\u00eam a garantia necess\u00e1ria para realizar o aluguel sem riscos.<br \/>\nA contrata\u00e7\u00e3o \u00e9 r\u00e1pida e segura para todos os envolvidos, e sua vig\u00eancia pode ser de 12 ou 15 meses. Al\u00e9m disso, o inquilino conta com benef\u00edcios e servi\u00e7os exclusivos que facilitam seu dia a dia.<br \/>\n[\/insuranced_text_block][insuranced_text_block 0=&#8221;&#8221;]<\/p>\n<p style=\"color: #6d96c2;\"><strong>Veja como funciona a capitaliza\u00e7\u00e3o de aluguel:<\/strong><\/p>\n<p>O valor do t\u00edtulo de capitaliza\u00e7\u00e3o \u00e9 acordado entre o propriet\u00e1rio e o inquilino, sem a necessidade de um fiador envolvido, e deve ser quitado em um pagamento \u00fanico. Depois disso, o locat\u00e1rio participar\u00e1 de sorteios mensais, concorrendo a duas vezes o valor do t\u00edtulo do aluguel. Ao t\u00e9rmino do plano, o inquilino recebe 100% do valor constitu\u00eddo na reserva de capitaliza\u00e7\u00e3o.<\/p>\n<p>*\u00c9 proibida a venda de t\u00edtulo de capitaliza\u00e7\u00e3o a menores de 16 anos, conforme o artigo 3\u00ba, I, do C\u00f3digo Civil.<\/p>\n<p>&#8211; Este produto ou servi\u00e7o poder\u00e1 ser cancelado no prazo de 7 (sete) dias, a contar da ades\u00e3o ao contrato ou do ato de recebimento do produto ou servi\u00e7o, com direito \u00e0 devolu\u00e7\u00e3o dos valores pagos, monetariamente atualizados.[\/insuranced_text_block][vc_empty_space 0=&#8221;&#8221;][vc_single_image image=&#8221;829&#8243; img_size=&#8221;medium&#8221;][insuranced_button align=&#8221;left&#8221; button=&#8221;url:http%3A%2F%2Ffatuscorretora.com.br%2Fsite%2Fcotacao-com-corretor%2F|title:Cota%C3%A7%C3%A3o%20com%20Corretor||&#8221; color=&#8221;#ffffff&#8221; bgcolor=&#8221;#4486bf&#8221; css=&#8221;.vc_custom_1525267579286{margin-top: 35px !important;}&#8221;][\/vc_column_inner][vc_column_inner width=&#8221;1\/2&#8243; offset=&#8221;vc_hidden-xs&#8221;][insuranced_text_block 0=&#8221;&#8221;]<\/p>\n<p style=\"color: #6d96c2;\"><strong>Vantagens para Inquilinos<\/strong><\/p>\n<p>O inquilino que aderir ao plano PortoCap Aluguel conta com algumas vantagens que v\u00e3o desde n\u00e3o depender de um fiador para alugar um im\u00f3vel at\u00e9 receber 100% da reserva de capitaliza\u00e7\u00e3o corrigida ao final do contrato.<\/p>\n<p><strong>Confira abaixo os benef\u00edcios para inquilinos no programa PortoCap Aluguel da Porto Seguro:<\/strong><br \/>\nN\u00c3O DEPENDER DE UM FIADOR PARA ALUGAR UM IM\u00d3VEL;<br \/>\nPROCESSO DE CONTRATA\u00c7\u00c3O SIMPLES E COM AGILIDADE;<br \/>\nDISPENSA AN\u00c1LISE DE CR\u00c9DITO OU COMPROVA\u00c7\u00c3O DE RENDA;<br \/>\nM\u00c3O DE OBRA GRATUITA PARA REPAROS EMERGENCIAIS \u00c0 RESID\u00caNCIA;<br \/>\nCONCORRE A SORTEIOS MENSAIS EM DINHEIRO EQUIVALENTE A DUAS VEZES O VALOR DO T\u00cdTULO;<br \/>\nAO FINAL DO CONTRATO, RESGATE DE 100% DA RESERVA DE CAPITALIZA\u00c7\u00c3O CORRIGIDA.<\/p>\n<p>[\/insuranced_text_block][insuranced_text_block 0=&#8221;&#8221;]<\/p>\n<p style=\"color: #6d96c2;\"><strong>Vantagens para Propriet\u00e1rios<\/strong><\/p>\n<p>O propriet\u00e1rio do im\u00f3vel n\u00e3o precisa se preocupar se vai ou n\u00e3o receber seu aluguel. Com o PortoCap Aluguel a seguran\u00e7a \u00e9 o maior dos benef\u00edcios. Ao contrat\u00e1-lo, um valor \u00e9 negociado entre as partes e, no caso de inadimpl\u00eancia, o t\u00edtulo pode ser resgatado de forma simples e r\u00e1pida.<\/p>\n<p><strong>Confira abaixo os benef\u00edcios para os propriet\u00e1rios no programa PortoCap Aluguel da Porto Seguro:<\/strong><\/p>\n<p>NO CASO DE INADIMPL\u00caNCIA, O T\u00cdTULO DE CAPITALIZA\u00c7\u00c3O PODE SER RESGATADO PARA COBERTURA DE D\u00c9BITOS LOCAT\u00cdCIOS;<br \/>\nO VALOR \u00c9 NEGOCIADO ENTRE PROPRIET\u00c1RIO E INQUILINO;<br \/>\nV\u00c1LIDO PARA IM\u00d3VEIS COMERCIAIS E RESIDENCIAIS.[\/insuranced_text_block][\/vc_column_inner][\/vc_row_inner][vc_row_inner css=&#8221;.vc_custom_1518968168102{margin-top: 0px !important;padding-right: 10px !important;padding-left: 10px !important;}&#8221;][vc_column_inner width=&#8221;1\/2&#8243; offset=&#8221;vc_hidden-lg vc_hidden-md vc_hidden-sm&#8221;][insuranced_text_block 0=&#8221;&#8221;]<\/p>\n<p style=\"color: #6d96c2;\"><strong>O QUE \u00c9 UM SEGURO PORTOCAP ALUGUEL?<\/strong><\/p>\n<p>A Porto Seguro Capitaliza\u00e7\u00e3o oferece o PortoCap Aluguel, um t\u00edtulo de capitaliza\u00e7\u00e3o como alternativa na hora de alugar um im\u00f3vel comercial ou residencial, dispensando an\u00e1lise de cr\u00e9dito ou comprova\u00e7\u00e3o de renda. Assim, o inquilino n\u00e3o precisa de um fiador. A modalidade tamb\u00e9m \u00e9 vantajosa para o propriet\u00e1rio do im\u00f3vel e para a imobili\u00e1ria, que t\u00eam a garantia necess\u00e1ria para realizar o aluguel sem riscos.<br \/>\nA contrata\u00e7\u00e3o \u00e9 r\u00e1pida e segura para todos os envolvidos, e sua vig\u00eancia pode ser de 12 ou 15 meses. Al\u00e9m disso, o inquilino conta com benef\u00edcios e servi\u00e7os exclusivos que facilitam seu dia a dia.<br \/>\n[\/insuranced_text_block][insuranced_text_block 0=&#8221;&#8221;]<\/p>\n<p style=\"color: #6d96c2;\"><strong>Veja como funciona a capitaliza\u00e7\u00e3o de aluguel:<\/strong><\/p>\n<p>O valor do t\u00edtulo de capitaliza\u00e7\u00e3o \u00e9 acordado entre o propriet\u00e1rio e o inquilino, sem a necessidade de um fiador envolvido, e deve ser quitado em um pagamento \u00fanico. Depois disso, o locat\u00e1rio participar\u00e1 de sorteios mensais, concorrendo a duas vezes o valor do t\u00edtulo do aluguel. Ao t\u00e9rmino do plano, o inquilino recebe 100% do valor constitu\u00eddo na reserva de capitaliza\u00e7\u00e3o.<\/p>\n<p>*\u00c9 proibida a venda de t\u00edtulo de capitaliza\u00e7\u00e3o a menores de 16 anos, conforme o artigo 3\u00ba, I, do C\u00f3digo Civil.<\/p>\n<p>&#8211; Este produto ou servi\u00e7o poder\u00e1 ser cancelado no prazo de 7 (sete) dias, a contar da ades\u00e3o ao contrato ou do ato de recebimento do produto ou servi\u00e7o, com direito \u00e0 devolu\u00e7\u00e3o dos valores pagos, monetariamente atualizados.[\/insuranced_text_block][vc_empty_space 0=&#8221;&#8221;][vc_single_image image=&#8221;829&#8243; img_size=&#8221;medium&#8221;][\/vc_column_inner][vc_column_inner width=&#8221;1\/2&#8243; offset=&#8221;vc_hidden-lg vc_hidden-md vc_hidden-sm&#8221;][insuranced_text_block 0=&#8221;&#8221;]<\/p>\n<p style=\"color: #6d96c2;\"><strong>Vantagens para Inquilinos<\/strong><\/p>\n<p>O inquilino que aderir ao plano PortoCap Aluguel conta com algumas vantagens que v\u00e3o desde n\u00e3o depender de um fiador para alugar um im\u00f3vel at\u00e9 receber 100% da reserva de capitaliza\u00e7\u00e3o corrigida ao final do contrato.<\/p>\n<p><strong>Confira abaixo os benef\u00edcios para inquilinos no programa PortoCap Aluguel da Porto Seguro:<\/strong><br \/>\nN\u00c3O DEPENDER DE UM FIADOR PARA ALUGAR UM IM\u00d3VEL;<br \/>\nPROCESSO DE CONTRATA\u00c7\u00c3O SIMPLES E COM AGILIDADE;<br \/>\nDISPENSA AN\u00c1LISE DE CR\u00c9DITO OU COMPROVA\u00c7\u00c3O DE RENDA;<br \/>\nM\u00c3O DE OBRA GRATUITA PARA REPAROS EMERGENCIAIS \u00c0 RESID\u00caNCIA;<br \/>\nCONCORRE A SORTEIOS MENSAIS EM DINHEIRO EQUIVALENTE A DUAS VEZES O VALOR DO T\u00cdTULO;<br \/>\nAO FINAL DO CONTRATO, RESGATE DE 100% DA RESERVA DE CAPITALIZA\u00c7\u00c3O CORRIGIDA.<\/p>\n<p>[\/insuranced_text_block][insuranced_text_block 0=&#8221;&#8221;]<\/p>\n<p style=\"color: #6d96c2;\"><strong>Vantagens para Propriet\u00e1rios<\/strong><\/p>\n<p>O propriet\u00e1rio do im\u00f3vel n\u00e3o precisa se preocupar se vai ou n\u00e3o receber seu aluguel. Com o PortoCap Aluguel a seguran\u00e7a \u00e9 o maior dos benef\u00edcios. Ao contrat\u00e1-lo, um valor \u00e9 negociado entre as partes e, no caso de inadimpl\u00eancia, o t\u00edtulo pode ser resgatado de forma simples e r\u00e1pida.<\/p>\n<p><strong>Confira abaixo os benef\u00edcios para os propriet\u00e1rios no programa PortoCap Aluguel da Porto Seguro:<\/strong><br \/>\nNO CASO DE INADIMPL\u00caNCIA, O T\u00cdTULO DE CAPITALIZA\u00c7\u00c3O PODE SER RESGATADO PARA COBERTURA DE D\u00c9BITOS LOCAT\u00cdCIOS;<br \/>\nO VALOR \u00c9 NEGOCIADO ENTRE PROPRIET\u00c1RIO E INQUILINO;<br \/>\nV\u00c1LIDO PARA IM\u00d3VEIS COMERCIAIS E RESIDENCIAIS.<br \/>\n[\/insuranced_text_block][insuranced_button align=&#8221;left&#8221; button=&#8221;url:http%3A%2F%2Ffatuscorretora.com.br%2Fsite%2Fcotacao-com-corretor%2F|title:Cota%C3%A7%C3%A3o%20com%20Corretor||&#8221; color=&#8221;#ffffff&#8221; bgcolor=&#8221;#4486bf&#8221; css=&#8221;.vc_custom_1525267579286{margin-top: 35px !important;}&#8221;][\/vc_column_inner][\/vc_row_inner][\/vc_column][\/vc_row]<\/p>\n<\/div>","protected":false},"excerpt":{"rendered":"<p>[vc_row full_width=&#8221;stretch_row_content_no_spaces&#8221; el_class=&#8221;imgSeguro&#8221; css=&#8221;.vc_custom_1518968123002{margin-bottom: 130px !important;}&#8221;][vc_column css=&#8221;.vc_custom_1518968087778{padding-bottom: -70px !important;}&#8221; offset=&#8221;vc_hidden-xs&#8221;][vc_single_image image=&#8221;1467&#8243; img_size=&#8221;full&#8221;][\/vc_column][\/vc_row][vc_row full_width=&#8221;stretch_row_content_no_spaces&#8221; el_class=&#8221;imgSeguro&#8221; css=&#8221;.vc_custom_1518968135472{margin-bottom: 10px !important;}&#8221;][vc_column css=&#8221;.vc_custom_1518968094344{padding-bottom: -70px !important;}&#8221; offset=&#8221;vc_hidden-lg vc_hidden-md vc_hidden-sm&#8221;][vc_single_image image=&#8221;1467&#8243; img_size=&#8221;full&#8221;][\/vc_column][\/vc_row][vc_row css=&#8221;.vc_custom_1515939260233{margin-bottom: 70px !important;}&#8221;][vc_column 0=&#8221;&#8221;][insuranced_title title=&#8221;PortoCap Aluguel&#8221;][vc_row_inner css=&#8221;.vc_custom_1515979884570{margin-top: 30px !important;padding-right: 100px !important;padding-left: 100px !important;}&#8221;][vc_column_inner width=&#8221;1\/2&#8243; offset=&#8221;vc_hidden-xs&#8221;][insuranced_text_block 0=&#8221;&#8221;] O QUE \u00c9 UM SEGURO PORTOCAP ALUGUEL? A Porto Seguro Capitaliza\u00e7\u00e3o oferece o PortoCap [&hellip;]<\/p>\n","protected":false},"author":1,"featured_media":0,"parent":660,"menu_order":0,"comment_status":"closed","ping_status":"closed","template":"","meta":{"_exactmetrics_skip_tracking":false,"_exactmetrics_sitenote_active":false,"_exactmetrics_sitenote_note":"","_exactmetrics_sitenote_category":0,"footnotes":""},"class_list":["post-946","page","type-page","status-publish","hentry"],"_links":{"self":[{"href":"https:\/\/fatuscorretora.com.br\/site\/wp-json\/wp\/v2\/pages\/946","targetHints":{"allow":["GET"]}}],"collection":[{"href":"https:\/\/fatuscorretora.com.br\/site\/wp-json\/wp\/v2\/pages"}],"about":[{"href":"https:\/\/fatuscorretora.com.br\/site\/wp-json\/wp\/v2\/types\/page"}],"author":[{"embeddable":true,"href":"https:\/\/fatuscorretora.com.br\/site\/wp-json\/wp\/v2\/users\/1"}],"replies":[{"embeddable":true,"href":"https:\/\/fatuscorretora.com.br\/site\/wp-json\/wp\/v2\/comments?post=946"}],"version-history":[{"count":17,"href":"https:\/\/fatuscorretora.com.br\/site\/wp-json\/wp\/v2\/pages\/946\/revisions"}],"predecessor-version":[{"id":1718,"href":"https:\/\/fatuscorretora.com.br\/site\/wp-json\/wp\/v2\/pages\/946\/revisions\/1718"}],"up":[{"embeddable":true,"href":"https:\/\/fatuscorretora.com.br\/site\/wp-json\/wp\/v2\/pages\/660"}],"wp:attachment":[{"href":"https:\/\/fatuscorretora.com.br\/site\/wp-json\/wp\/v2\/media?parent=946"}],"curies":[{"name":"wp","href":"https:\/\/api.w.org\/{rel}","templated":true}]}}