{"id":952,"date":"2018-01-22T14:00:14","date_gmt":"2018-01-22T17:00:14","guid":{"rendered":"http:\/\/fatuscorretora.com.br\/homolog\/?page_id=952"},"modified":"2018-09-21T16:21:02","modified_gmt":"2018-09-21T19:21:02","slug":"seguro-vida-em-grupo","status":"publish","type":"page","link":"https:\/\/fatuscorretora.com.br\/site\/produtos\/pra-empresa\/seguro-vida-em-grupo\/","title":{"rendered":"Seguro Vida em Grupo"},"content":{"rendered":"<div class=\"wpb-content-wrapper\"><p>[vc_row full_width=&#8221;stretch_row_content_no_spaces&#8221; el_class=&#8221;imgSeguro&#8221; css=&#8221;.vc_custom_1518966397616{margin-bottom: 130px !important;}&#8221;][vc_column css=&#8221;.vc_custom_1518966356755{padding-bottom: -70px !important;}&#8221; offset=&#8221;vc_hidden-xs&#8221;][vc_single_image image=&#8221;1463&#8243; img_size=&#8221;full&#8221;][\/vc_column][\/vc_row][vc_row full_width=&#8221;stretch_row_content_no_spaces&#8221; el_class=&#8221;imgSeguro&#8221; css=&#8221;.vc_custom_1518966379060{margin-bottom: 10px !important;}&#8221;][vc_column css=&#8221;.vc_custom_1518966363727{padding-bottom: -70px !important;}&#8221; offset=&#8221;vc_hidden-lg vc_hidden-md vc_hidden-sm&#8221;][vc_single_image image=&#8221;1463&#8243; img_size=&#8221;full&#8221;][\/vc_column][\/vc_row][vc_row css=&#8221;.vc_custom_1515939260233{margin-bottom: 70px !important;}&#8221;][vc_column 0=&#8221;&#8221;][insuranced_title title=&#8221;Seguro Vida em Grupo&#8221;][vc_row_inner css=&#8221;.vc_custom_1515979884570{margin-top: 30px !important;padding-right: 100px !important;padding-left: 100px !important;}&#8221;][vc_column_inner width=&#8221;1\/2&#8243; offset=&#8221;vc_hidden-xs&#8221;][insuranced_text_block 0=&#8221;&#8221;]<\/p>\n<p style=\"color: #6d96c2;\"><strong>O QUE \u00c9 UM SEGURO VIDA EM GRUPO?<\/strong><\/p>\n<p>O seguro de vida em grupo \u00e9 direcionado para os funcion\u00e1rios da empresa. Ao realiza-lo, al\u00e9m de conseguir\u00a0 um valor menor para o seguro,\u00a0 o empresario garante \u00a0tranq\u00fcilidade n\u00e3o s\u00f3 para ele como para sua equipe.<\/p>\n<p>O produto Vida em Grupo possui baixo custo e pode ainda ser customizado de acordo com a necessidade do contratante. Outro ponto que temos que destacar \u00e9 que em diversos segmentos de mercado ele \u00e9 obrigat\u00f3rio, partindo essa determina\u00e7\u00e3o do sindicato ou \u00f3rg\u00e3o respons\u00e1vel, variando de Estado para Estado.<br \/>\nAbaixo se encontram as principais coberturas do produto.[\/insuranced_text_block][insuranced_text_block 0=&#8221;&#8221;]<\/p>\n<p style=\"color: #6d96c2;\"><strong>COBERTURA B\u00c1SICA<\/strong><\/p>\n<p><strong>Morte Natural ou Morte Acidental;<\/strong>[\/insuranced_text_block][\/vc_column_inner][vc_column_inner width=&#8221;1\/2&#8243; offset=&#8221;vc_hidden-xs&#8221;][insuranced_text_block 0=&#8221;&#8221;]<\/p>\n<p style=\"color: #6d96c2;\"><strong>COBERTURAS OPCIONAIS<\/strong><\/p>\n<p><strong>Indeniza\u00e7\u00e3o Especial por Acidente (IEA);<br \/>\nInvalidez Permanente Total ou Parcial por Acidente (IPA);<br \/>\nAssist\u00eancia Funeral Individual ou Familiar;<br \/>\nCesta B\u00e1sica;<br \/>\nAntecipa\u00e7\u00e3o Especial por Doen\u00e7a (AED);<br \/>\nDespesas M\u00e9dico-Hospitalares e Odontol\u00f3gicas (DMHO);<br \/>\nInclus\u00e3o de C\u00f4njuges;<br \/>\nInclus\u00e3o de Filhos;<br \/>\nCobertura de Renda por Incapacidade Tempor\u00e1ria por Acidente (RIT AP);<br \/>\nDoen\u00e7a Cong\u00eanita para filhos;<br \/>\nRescis\u00e3o Contratual;<\/strong>[\/insuranced_text_block][insuranced_button align=&#8221;left&#8221; button=&#8221;url:http%3A%2F%2Ffatuscorretora.com.br%2Fsite%2Fcotacao-com-corretor%2F|title:Cota%C3%A7%C3%A3o%20com%20a%20Fatus||&#8221; color=&#8221;#ffffff&#8221; bgcolor=&#8221;#4486bf&#8221; css=&#8221;.vc_custom_1537557358413{margin-top: 35px !important;}&#8221;][\/vc_column_inner][\/vc_row_inner][vc_row_inner css=&#8221;.vc_custom_1517406102944{margin-top: 30px !important;padding-right: 10px !important;padding-left: 10px !important;}&#8221;][vc_column_inner width=&#8221;1\/2&#8243; offset=&#8221;vc_hidden-lg vc_hidden-md vc_hidden-sm&#8221;][insuranced_text_block 0=&#8221;&#8221;]<\/p>\n<p style=\"color: #6d96c2;\"><strong>O QUE \u00c9 UM SEGURO VIDA EM GRUPO?<\/strong><\/p>\n<p>O seguro de vida em grupo \u00e9 direcionado para os funcion\u00e1rios da empresa. Ao realiza-lo, al\u00e9m de conseguir\u00a0 um valor menor para o seguro,\u00a0 o empresario garante \u00a0tranq\u00fcilidade n\u00e3o s\u00f3 para ele como para sua equipe.<\/p>\n<p>O produto Vida em Grupo possui baixo custo e pode ainda ser customizado de acordo com a necessidade do contratante. Outro ponto que temos que destacar \u00e9 que em diversos segmentos de mercado ele \u00e9 obrigat\u00f3rio, partindo essa determina\u00e7\u00e3o do sindicato ou \u00f3rg\u00e3o respons\u00e1vel, variando de Estado para Estado.<br \/>\nAbaixo se encontram as principais coberturas do produto.[\/insuranced_text_block][insuranced_text_block 0=&#8221;&#8221;]<\/p>\n<p style=\"color: #6d96c2;\"><strong>COBERTURA B\u00c1SICA<\/strong><\/p>\n<p><strong>Morte Natural ou Morte Acidental;<\/strong>[\/insuranced_text_block][\/vc_column_inner][vc_column_inner width=&#8221;1\/2&#8243; offset=&#8221;vc_hidden-lg vc_hidden-md vc_hidden-sm&#8221;][insuranced_text_block 0=&#8221;&#8221;]<\/p>\n<p style=\"color: #6d96c2;\"><strong>COBERTURAS OPCIONAIS<\/strong><\/p>\n<p><strong>Indeniza\u00e7\u00e3o Especial por Acidente (IEA);<br \/>\nInvalidez Permanente Total ou Parcial por Acidente (IPA);<br \/>\nAssist\u00eancia Funeral Individual ou Familiar;<br \/>\nCesta B\u00e1sica;<br \/>\nAntecipa\u00e7\u00e3o Especial por Doen\u00e7a (AED);<br \/>\nDespesas M\u00e9dico-Hospitalares e Odontol\u00f3gicas (DMHO);<br \/>\nInclus\u00e3o de C\u00f4njuges;<br \/>\nInclus\u00e3o de Filhos;<br \/>\nCobertura de Renda por Incapacidade Tempor\u00e1ria por Acidente (RIT AP);<br \/>\nDoen\u00e7a Cong\u00eanita para filhos;<br \/>\nRescis\u00e3o Contratual;<\/strong>[\/insuranced_text_block][insuranced_button align=&#8221;left&#8221; button=&#8221;url:http%3A%2F%2Ffatuscorretora.com.br%2Fsite%2Fcotacao-com-corretor%2F|title:Cota%C3%A7%C3%A3o%20com%20a%20Fatus||&#8221; color=&#8221;#ffffff&#8221; bgcolor=&#8221;#4486bf&#8221; css=&#8221;.vc_custom_1537557369335{margin-top: 35px !important;}&#8221;][\/vc_column_inner][\/vc_row_inner][\/vc_column][\/vc_row]<\/p>\n<\/div>","protected":false},"excerpt":{"rendered":"<p>[vc_row full_width=&#8221;stretch_row_content_no_spaces&#8221; el_class=&#8221;imgSeguro&#8221; css=&#8221;.vc_custom_1518966397616{margin-bottom: 130px !important;}&#8221;][vc_column css=&#8221;.vc_custom_1518966356755{padding-bottom: -70px !important;}&#8221; offset=&#8221;vc_hidden-xs&#8221;][vc_single_image image=&#8221;1463&#8243; img_size=&#8221;full&#8221;][\/vc_column][\/vc_row][vc_row full_width=&#8221;stretch_row_content_no_spaces&#8221; el_class=&#8221;imgSeguro&#8221; css=&#8221;.vc_custom_1518966379060{margin-bottom: 10px !important;}&#8221;][vc_column css=&#8221;.vc_custom_1518966363727{padding-bottom: -70px !important;}&#8221; offset=&#8221;vc_hidden-lg vc_hidden-md vc_hidden-sm&#8221;][vc_single_image image=&#8221;1463&#8243; img_size=&#8221;full&#8221;][\/vc_column][\/vc_row][vc_row css=&#8221;.vc_custom_1515939260233{margin-bottom: 70px !important;}&#8221;][vc_column 0=&#8221;&#8221;][insuranced_title title=&#8221;Seguro Vida em Grupo&#8221;][vc_row_inner css=&#8221;.vc_custom_1515979884570{margin-top: 30px !important;padding-right: 100px !important;padding-left: 100px !important;}&#8221;][vc_column_inner width=&#8221;1\/2&#8243; offset=&#8221;vc_hidden-xs&#8221;][insuranced_text_block 0=&#8221;&#8221;] O QUE \u00c9 UM SEGURO VIDA EM GRUPO? O seguro de vida [&hellip;]<\/p>\n","protected":false},"author":1,"featured_media":0,"parent":661,"menu_order":0,"comment_status":"closed","ping_status":"closed","template":"","meta":{"_exactmetrics_skip_tracking":false,"_exactmetrics_sitenote_active":false,"_exactmetrics_sitenote_note":"","_exactmetrics_sitenote_category":0,"footnotes":""},"class_list":["post-952","page","type-page","status-publish","hentry"],"_links":{"self":[{"href":"https:\/\/fatuscorretora.com.br\/site\/wp-json\/wp\/v2\/pages\/952","targetHints":{"allow":["GET"]}}],"collection":[{"href":"https:\/\/fatuscorretora.com.br\/site\/wp-json\/wp\/v2\/pages"}],"about":[{"href":"https:\/\/fatuscorretora.com.br\/site\/wp-json\/wp\/v2\/types\/page"}],"author":[{"embeddable":true,"href":"https:\/\/fatuscorretora.com.br\/site\/wp-json\/wp\/v2\/users\/1"}],"replies":[{"embeddable":true,"href":"https:\/\/fatuscorretora.com.br\/site\/wp-json\/wp\/v2\/comments?post=952"}],"version-history":[{"count":12,"href":"https:\/\/fatuscorretora.com.br\/site\/wp-json\/wp\/v2\/pages\/952\/revisions"}],"predecessor-version":[{"id":1922,"href":"https:\/\/fatuscorretora.com.br\/site\/wp-json\/wp\/v2\/pages\/952\/revisions\/1922"}],"up":[{"embeddable":true,"href":"https:\/\/fatuscorretora.com.br\/site\/wp-json\/wp\/v2\/pages\/661"}],"wp:attachment":[{"href":"https:\/\/fatuscorretora.com.br\/site\/wp-json\/wp\/v2\/media?parent=952"}],"curies":[{"name":"wp","href":"https:\/\/api.w.org\/{rel}","templated":true}]}}