{"id":954,"date":"2018-01-22T14:09:52","date_gmt":"2018-01-22T17:09:52","guid":{"rendered":"http:\/\/fatuscorretora.com.br\/homolog\/?page_id=954"},"modified":"2018-09-21T16:26:12","modified_gmt":"2018-09-21T19:26:12","slug":"seguro-responsabilidade-civil","status":"publish","type":"page","link":"https:\/\/fatuscorretora.com.br\/site\/produtos\/pra-empresa\/seguro-responsabilidade-civil\/","title":{"rendered":"Seguro Responsabilidade Civil"},"content":{"rendered":"<div class=\"wpb-content-wrapper\"><p>[vc_row full_width=&#8221;stretch_row_content_no_spaces&#8221; el_class=&#8221;imgSeguro&#8221; css=&#8221;.vc_custom_1518965830466{margin-bottom: 130px !important;}&#8221;][vc_column css=&#8221;.vc_custom_1518965714734{padding-bottom: -70px !important;}&#8221; offset=&#8221;vc_hidden-xs&#8221;][vc_single_image image=&#8221;1462&#8243; img_size=&#8221;full&#8221;][\/vc_column][\/vc_row][vc_row full_width=&#8221;stretch_row_content_no_spaces&#8221; el_class=&#8221;imgSeguro&#8221; css=&#8221;.vc_custom_1518965746326{margin-bottom: 10px !important;}&#8221;][vc_column css=&#8221;.vc_custom_1518965709606{padding-bottom: -70px !important;}&#8221; offset=&#8221;vc_hidden-lg vc_hidden-md vc_hidden-sm&#8221;][vc_single_image image=&#8221;1462&#8243; img_size=&#8221;full&#8221; css=&#8221;.vc_custom_1518965731315{margin-top: 90px !important;}&#8221;][\/vc_column][\/vc_row][vc_row css=&#8221;.vc_custom_1515939260233{margin-bottom: 70px !important;}&#8221;][vc_column][insuranced_title title=&#8221;Seguro Responsabilidade Civil&#8221;][vc_row_inner css=&#8221;.vc_custom_1515979884570{margin-top: 30px !important;padding-right: 100px !important;padding-left: 100px !important;}&#8221;][vc_column_inner width=&#8221;1\/2&#8243; offset=&#8221;vc_hidden-xs&#8221;][insuranced_text_block]<\/p>\n<p style=\"color: #6d96c2;\"><strong>O QUE \u00c9 UM SEGURO DE RESPONSABILIDADE CIVIL (RC)?<\/strong><\/p>\n<p>O seguro de Responsabilidade Civil \u00e9 voltado para profissionais liberais e empresas no ramo de engenharia, arquitetura, constru\u00e7\u00e3o e reforma, e tamb\u00e9m os que executam servi\u00e7os de instala\u00e7\u00f5es e montagens. Ele garante o reembolso das quantias pelas quais a empresa segurada possa vir a ser responsabilizada civilmente.<br \/>\nConfira abaixo algumas coberturas que voc\u00ea pode adquirir:<br \/>\n[\/insuranced_text_block][insuranced_text_block]<\/p>\n<p style=\"color: #6d96c2;\"><strong>COBERTURA B\u00c1SICA<\/strong><\/p>\n<p><strong>RESPONSABILIDADE CIVIL OBRAS E OU SERVI\u00c7OS DE MONTAGEM B\u00c1SICA <\/strong><br \/>\nAmpara danos materiais e\/ou corporais causados a terceiros em decorr\u00eancia de acidentes ocorridos durante a execu\u00e7\u00e3o de: obras civis, reformas,\u00a0 servi\u00e7os de instala\u00e7\u00e3o, montagem e desmontagem executados em locais de terceiros.<\/p>\n<p>Temos 2 op\u00e7\u00f5es de cobertura dependendo do tipo de obra que ser\u00e1 executada:<br \/>\n-&gt;B\u00e1sica sem funda\u00e7\u00e3o<br \/>\n-&gt;B\u00e1sica com funda\u00e7\u00e3o.[\/insuranced_text_block][vc_empty_space][vc_single_image image=&#8221;188&#8243; img_size=&#8221;medium&#8221;][insuranced_button align=&#8221;left&#8221; button=&#8221;url:http%3A%2F%2Ffatuscorretora.com.br%2Fsite%2Fcotacao-com-corretor%2F|title:Cota%C3%A7%C3%A3o%20com%20a%20Fatus||&#8221; color=&#8221;#ffffff&#8221; bgcolor=&#8221;#4486bf&#8221; css=&#8221;.vc_custom_1537557686838{margin-top: 35px !important;}&#8221;][\/vc_column_inner][vc_column_inner width=&#8221;1\/2&#8243; offset=&#8221;vc_hidden-xs&#8221;][insuranced_text_block]<\/p>\n<p style=\"color: #6d96c2;\"><strong>COBERTURAS OPCIONAIS<\/strong><\/p>\n<p><strong>LUCROS CESSANTES EM DECORR\u00caNCIA DE RESPONSABILIDADE CIVIL<\/strong><br \/>\nPreju\u00edzos financeiros e\/ou perdas financeiras diretas e decorrentes de riscos cobertos causados a terceiros.<\/p>\n<p><strong>DANOS MORAIS E\/OU EST\u00c9TICOS <\/strong><br \/>\nDanos morais e\/ou est\u00e9ticos a terceiros, desde que diretamente decorrentes de cobertura contratada.<\/p>\n<p><strong>OBJETOS PESSOAIS DE EMPREGADOS SOB A GUARDA DO SEGURADO<\/strong><br \/>\nReclama\u00e7\u00f5es por danos causados a objetos pessoais de empregados sob a guarda do Segurado.<\/p>\n<p><strong>ERRO DE PROJETO <\/strong><br \/>\nDanos materiais e corporais causados a terceiros durante a execu\u00e7\u00e3o da obra ou de servi\u00e7os de instala\u00e7\u00e3o e\/ou montagem decorrentes de erro de projeto.<\/p>\n<p><strong>DANOS MATERIAIS CAUSADOS AO PROPRIET\u00c1RIO DA OBRA<\/strong><br \/>\nDanos causados aos pr\u00e9dios ou instala\u00e7\u00f5es pr\u00e9-existentes, bem como aquelas j\u00e1 conclu\u00eddas e entregues pelo segurado.<\/p>\n<p><strong>DERRAMAMENTO, INFILTRA\u00c7\u00c3O E\/OU DESCARGA DE \u00c1GUA <\/strong><br \/>\nDanos materiais causados \u00e0 terceiros, decorrentes de derramamento, infiltra\u00e7\u00e3o e\/ou descarga de \u00e1gua.<\/p>\n<p><strong>RESPONSABILIDADE CIVIL CRUZADA <\/strong><br \/>\nDanos causados a empreiteiros, subempreiteiros ou quaisquer terceiros decorrentes de acidentes relacionados as obras civis e\/ou servi\u00e7os de instala\u00e7\u00e3o e montagem.<\/p>\n<p><strong>RESPONSABILIDADE CIVIL &#8211; RISCOS CONTINGENTES DE VE\u00cdCULOS TERRESTRES MOTORIZADOS <\/strong><br \/>\nDanos materiais\/corporais causados a terceiros por ve\u00edculos de propriedade dos empregados, quando utilizados eventualmente a servi\u00e7o do segurado.[\/insuranced_text_block][\/vc_column_inner][\/vc_row_inner][vc_row_inner css=&#8221;.vc_custom_1517406193699{margin-top: 30px !important;padding-right: 10px !important;padding-left: 10px !important;}&#8221;][vc_column_inner width=&#8221;1\/2&#8243; offset=&#8221;vc_hidden-lg vc_hidden-md vc_hidden-sm&#8221;][insuranced_text_block]<\/p>\n<p style=\"color: #6d96c2;\"><strong>O QUE \u00c9 UM SEGURO DE RESPONSABILIDADE CIVIL (RC)?<\/strong><\/p>\n<p>O seguro de Responsabilidade Civil \u00e9 voltado para profissionais liberais e empresas no ramo de engenharia, arquitetura, constru\u00e7\u00e3o e reforma, e tamb\u00e9m os que executam servi\u00e7os de instala\u00e7\u00f5es e montagens. Ele garante o reembolso das quantias pelas quais a empresa segurada possa vir a ser responsabilizada civilmente.<br \/>\nConfira abaixo algumas coberturas que voc\u00ea pode adquirir:<br \/>\n[\/insuranced_text_block][insuranced_text_block]<\/p>\n<p style=\"color: #6d96c2;\"><strong>COBERTURA B\u00c1SICA<\/strong><\/p>\n<p><strong>RESPONSABILIDADE CIVIL OBRAS E OU SERVI\u00c7OS DE MONTAGEM B\u00c1SICA <\/strong><br \/>\nAmpara danos materiais e\/ou corporais causados a terceiros em decorr\u00eancia de acidentes ocorridos durante a execu\u00e7\u00e3o de: obras civis, reformas,\u00a0 servi\u00e7os de instala\u00e7\u00e3o, montagem e desmontagem executados em locais de terceiros.<\/p>\n<p>Temos 2 op\u00e7\u00f5es de cobertura dependendo do tipo de obra que ser\u00e1 executada:<br \/>\n-&gt;B\u00e1sica sem funda\u00e7\u00e3o<br \/>\n-&gt;B\u00e1sica com funda\u00e7\u00e3o.[\/insuranced_text_block][vc_empty_space][vc_single_image image=&#8221;188&#8243; img_size=&#8221;medium&#8221;][\/vc_column_inner][vc_column_inner width=&#8221;1\/2&#8243; offset=&#8221;vc_hidden-lg vc_hidden-md vc_hidden-sm&#8221;][insuranced_text_block]<\/p>\n<p style=\"color: #6d96c2;\"><strong>COBERTURAS OPCIONAIS<\/strong><\/p>\n<p><strong>LUCROS CESSANTES EM DECORR\u00caNCIA DE RESPONSABILIDADE CIVIL<\/strong><br \/>\nPreju\u00edzos financeiros e\/ou perdas financeiras diretas e decorrentes de riscos cobertos causados a terceiros.<\/p>\n<p><strong>DANOS MORAIS E\/OU EST\u00c9TICOS <\/strong><br \/>\nDanos morais e\/ou est\u00e9ticos a terceiros, desde que diretamente decorrentes de cobertura contratada.<\/p>\n<p><strong>OBJETOS PESSOAIS DE EMPREGADOS SOB A GUARDA DO SEGURADO<\/strong><br \/>\nReclama\u00e7\u00f5es por danos causados a objetos pessoais de empregados sob a guarda do Segurado.<\/p>\n<p><strong>ERRO DE PROJETO <\/strong><br \/>\nDanos materiais e corporais causados a terceiros durante a execu\u00e7\u00e3o da obra ou de servi\u00e7os de instala\u00e7\u00e3o e\/ou montagem decorrentes de erro de projeto.<\/p>\n<p><strong>DANOS MATERIAIS CAUSADOS AO PROPRIET\u00c1RIO DA OBRA<\/strong><br \/>\nDanos causados aos pr\u00e9dios ou instala\u00e7\u00f5es pr\u00e9-existentes, bem como aquelas j\u00e1 conclu\u00eddas e entregues pelo segurado.<\/p>\n<p><strong>DERRAMAMENTO, INFILTRA\u00c7\u00c3O E\/OU DESCARGA DE \u00c1GUA <\/strong><br \/>\nDanos materiais causados \u00e0 terceiros, decorrentes de derramamento, infiltra\u00e7\u00e3o e\/ou descarga de \u00e1gua.<\/p>\n<p><strong>RESPONSABILIDADE CIVIL CRUZADA <\/strong><br \/>\nDanos causados a empreiteiros, subempreiteiros ou quaisquer terceiros decorrentes de acidentes relacionados as obras civis e\/ou servi\u00e7os de instala\u00e7\u00e3o e montagem.<\/p>\n<p><strong>RESPONSABILIDADE CIVIL &#8211; RISCOS CONTINGENTES DE VE\u00cdCULOS TERRESTRES MOTORIZADOS <\/strong><br \/>\nDanos materiais\/corporais causados a terceiros por ve\u00edculos de propriedade dos empregados, quando utilizados eventualmente a servi\u00e7o do segurado.[\/insuranced_text_block][insuranced_button align=&#8221;left&#8221; button=&#8221;url:http%3A%2F%2Ffatuscorretora.com.br%2Fsite%2Fcotacao-com-corretor%2F|title:Cota%C3%A7%C3%A3o%20com%20a%20Fatus||&#8221; color=&#8221;#ffffff&#8221; bgcolor=&#8221;#4486bf&#8221; css=&#8221;.vc_custom_1537557698232{margin-top: 35px !important;}&#8221;][\/vc_column_inner][\/vc_row_inner][\/vc_column][\/vc_row]<\/p>\n<\/div>","protected":false},"excerpt":{"rendered":"<p>[vc_row full_width=&#8221;stretch_row_content_no_spaces&#8221; el_class=&#8221;imgSeguro&#8221; css=&#8221;.vc_custom_1518965830466{margin-bottom: 130px !important;}&#8221;][vc_column css=&#8221;.vc_custom_1518965714734{padding-bottom: -70px !important;}&#8221; offset=&#8221;vc_hidden-xs&#8221;][vc_single_image image=&#8221;1462&#8243; img_size=&#8221;full&#8221;][\/vc_column][\/vc_row][vc_row full_width=&#8221;stretch_row_content_no_spaces&#8221; el_class=&#8221;imgSeguro&#8221; css=&#8221;.vc_custom_1518965746326{margin-bottom: 10px !important;}&#8221;][vc_column css=&#8221;.vc_custom_1518965709606{padding-bottom: -70px !important;}&#8221; offset=&#8221;vc_hidden-lg vc_hidden-md vc_hidden-sm&#8221;][vc_single_image image=&#8221;1462&#8243; img_size=&#8221;full&#8221; css=&#8221;.vc_custom_1518965731315{margin-top: 90px !important;}&#8221;][\/vc_column][\/vc_row][vc_row css=&#8221;.vc_custom_1515939260233{margin-bottom: 70px !important;}&#8221;][vc_column][insuranced_title title=&#8221;Seguro Responsabilidade Civil&#8221;][vc_row_inner css=&#8221;.vc_custom_1515979884570{margin-top: 30px !important;padding-right: 100px !important;padding-left: 100px !important;}&#8221;][vc_column_inner width=&#8221;1\/2&#8243; offset=&#8221;vc_hidden-xs&#8221;][insuranced_text_block] O QUE \u00c9 UM SEGURO DE RESPONSABILIDADE CIVIL (RC)? O seguro de [&hellip;]<\/p>\n","protected":false},"author":1,"featured_media":0,"parent":661,"menu_order":0,"comment_status":"closed","ping_status":"closed","template":"","meta":{"_exactmetrics_skip_tracking":false,"_exactmetrics_sitenote_active":false,"_exactmetrics_sitenote_note":"","_exactmetrics_sitenote_category":0,"footnotes":""},"class_list":["post-954","page","type-page","status-publish","hentry"],"_links":{"self":[{"href":"https:\/\/fatuscorretora.com.br\/site\/wp-json\/wp\/v2\/pages\/954","targetHints":{"allow":["GET"]}}],"collection":[{"href":"https:\/\/fatuscorretora.com.br\/site\/wp-json\/wp\/v2\/pages"}],"about":[{"href":"https:\/\/fatuscorretora.com.br\/site\/wp-json\/wp\/v2\/types\/page"}],"author":[{"embeddable":true,"href":"https:\/\/fatuscorretora.com.br\/site\/wp-json\/wp\/v2\/users\/1"}],"replies":[{"embeddable":true,"href":"https:\/\/fatuscorretora.com.br\/site\/wp-json\/wp\/v2\/comments?post=954"}],"version-history":[{"count":14,"href":"https:\/\/fatuscorretora.com.br\/site\/wp-json\/wp\/v2\/pages\/954\/revisions"}],"predecessor-version":[{"id":1925,"href":"https:\/\/fatuscorretora.com.br\/site\/wp-json\/wp\/v2\/pages\/954\/revisions\/1925"}],"up":[{"embeddable":true,"href":"https:\/\/fatuscorretora.com.br\/site\/wp-json\/wp\/v2\/pages\/661"}],"wp:attachment":[{"href":"https:\/\/fatuscorretora.com.br\/site\/wp-json\/wp\/v2\/media?parent=954"}],"curies":[{"name":"wp","href":"https:\/\/api.w.org\/{rel}","templated":true}]}}